{"id":44,"date":"2026-01-18T20:20:05","date_gmt":"2026-01-18T19:20:05","guid":{"rendered":"http:\/\/rtd.radom.pl\/?page_id=44"},"modified":"2026-01-22T13:42:46","modified_gmt":"2026-01-22T12:42:46","slug":"programy","status":"publish","type":"page","link":"https:\/\/rtd.radom.pl\/?page_id=44","title":{"rendered":"PROGRAMY"},"content":{"rendered":"\n<p>ODS\u0141UCHAJ<\/p>\n\n\n\n<figure class=\"wp-block-audio\"><audio controls src=\"https:\/\/rtd.radom.pl\/wp-content\/uploads\/2026\/01\/programy.mp3\"><\/audio><\/figure>\n\n\n\n<h2 class=\"wp-block-heading\">Aktualnie realizujemy<\/h2>\n\n\n\n<p><strong>\u015awietlica<\/strong> <\/p>\n\n\n\n<p>Od 2003r. zajmujemy si\u0119 prowadzeniem \u015bwietlicy dla dzieci z rodzin zagro\u017conych marginalizacj\u0105. Wsp\u00f3\u0142pracujemy w tym zakresie z zespo\u0142ami pracy socjalnej radomskiego MOPS i pedagogami. Zaj\u0119cia wychowawcze i profilaktyczne w \u015bwietlicy prowadzi psycholog i pedagog, przy pomocy wolontariuszy.<\/p>\n\n\n\n<p><strong>\u017bywno\u015b\u0107 dla najbardziej potrzebuj\u0105cych mieszka\u0144c\u00f3w Radomia<\/strong> <\/p>\n\n\n\n<p>W ramach wsp\u00f3\u0142pracy z Radomskim Bankiem \u017bywno\u015bci realizujemy zbi\u00f3rki \u017cywno\u015bci na terenie miasta oraz przekazujemy \u017cywno\u015b\u0107 potrzebuj\u0105cym mieszka\u0144com Radomia. <\/p>\n\n\n\n<p><strong>Pomoc rodzinom wielodzietnym<\/strong><\/p>\n\n\n\n<p>Pomagamy rodzinom z terenu miasta Radomia. Pomoc realizowana jest na r\u00f3\u017cnych p\u0142aszczyznach, d\u0105\u017cymy do rozwoju og\u00f3lnego grupy poprzez m.in. edukacj\u0119, prowadzimy wzajemne wsparcie, rozwi\u0105zywanie problem\u00f3w wychowawczych i rodzinnych, zwi\u0119kszenie zdolno\u015bci wychowawczej rodzin, zmniejszenie trudno\u015bci dnia codziennego. W pomoc rodzinie anga\u017cuj\u0105 si\u0119 specjali\u015bci: psycholog, pedagog, prawnik, lekarze i inni.<\/p>\n\n\n\n<p><strong>Wolontariat<\/strong><\/p>\n\n\n\n<p>Zadania Stowarzyszenia realizowane s\u0105 przy du\u017cym zaanga\u017cowaniu wolontariuszy. Przygotowujemy wolontariuszy do pracy spo\u0142ecznej. Grupy m\u0142odzie\u017cy z rodzin podopiecznych realizuj\u0105 z nami dzia\u0142ania w ramach wolontariatu. Wolontariusze pomagaj\u0105 nam organizowa\u0107 \u015bwietlic\u0119 dla dzieci, przygotowa\u0107 zabawy okoliczno\u015bciowe dla dzieci, bior\u0105 udzia\u0142 w zbi\u00f3rkach \u017cywno\u015bci. Bardzo aktywnie pracuj\u0105 z nami uczniowie ze Szko\u0142y Integracyjnej nr 14 w Radomiu. <\/p>\n\n\n\n<p><strong>Klub integracji spo\u0142ecznej<\/strong><\/p>\n\n\n\n<p>Celem prowadzenia Klubu jest ograniczenie zjawiska marginalizacji i wykluczenia spo\u0142ecznego w naszym mie\u015bcie. Wykluczenie to dotyczy tak\u017ce senior\u00f3w. Organizujemy m.in spotkania mi\u0119dzypokoleniowe senior\u00f3w z dzie\u0107mi uczestnicz\u0105cymi w \u015bwietlicy. <\/p>\n\n\n\n<h2 class=\"wp-block-heading\">Realizowali\u015bmy tak\u017ce&#8230;<\/h2>\n\n\n\n<p><strong>Wsparcie NGO<\/strong><\/p>\n\n\n\n<p>W ramach Lokalnego Punktu Informacji dla organizacji pozarz\u0105dowych prowadzili\u015bmy projekt dzia\u0142a\u0144 na rzecz III sektora w Radomiu i regionie radomskim. Celem projektu by\u0142o wzmocnienie grup obywatelskich, zar\u00f3wno formalnych jak i nieformalnych, dotarcie z pomoc\u0105 doradcz\u0105 do organizacji pozarz\u0105dowych, integracja \u015brodowiska lokalnego, zapewnienie efektywniejszego funkcjonowania sektora. Realizowali\u015bmy to poprzez edukacj\u0119 kadr pracuj\u0105cych w organizacjach pozarz\u0105dowych i jednostkach publicznych oraz obywateli, a tak\u017ce poprzez poradnictwo.<\/p>\n\n\n\n<p><strong>Regionalny punkt informacyjny EURODESK<\/strong><\/p>\n\n\n\n<p>Od 2006 roku przez kilka kolejnych lat byli\u015bmy przedstawicielem regionalnym dzia\u0142aj\u0105cym w strukturach Narodowej Agencji Programu &#8222;M\u0142odzie\u017c w dzia\u0142aniu&#8221;. By\u0142 to europejski program informacyjny dla m\u0142odzie\u017cy i os\u00f3b pracuj\u0105cych z m\u0142odzie\u017c\u0105. Konsultanci s\u0142u\u017cyli informacjami o szkoleniach i programach, kt\u00f3re dawa\u0142y mo\u017cliwo\u015b\u0107 zdobywania funduszy w Polsce i w Europie, pomoc\u0105 w nawi\u0105zaniu kontaktu z r\u00f3wie\u015bnikami lub organizacjami z zagranicy, w wyszukiwaniu partner\u00f3w do projektu, pomoc\u0105 w ka\u017cdej sprawie zwi\u0105zanej z edukacj\u0105 i prac\u0105 w Europie, dzia\u0142alno\u015bci\u0105 m\u0142odzie\u017cow\u0105. Prowadzili\u015bmy tak\u017ce dla m\u0142odzie\u017cy tzw. &#8222;LEKCJE EUROPEJSKIE&#8221;, aby z informacj\u0105 bezpo\u015brednio dotrze\u0107 do odbiorcy.<\/p>\n\n\n\n<p><strong>Biuro DORADZTWO i KARIERA<\/strong><\/p>\n\n\n\n<p>W ramach partnerstwa ze Wsp\u00f3lnot\u0105 Robocz\u0105 Zwi\u0105zk\u00f3w Organizacji Socjalnych w Warszawie przy naszym Stowarzyszeniu prowadzone by\u0142o biuro DORADZTWA i KARIERY dla os\u00f3b niepe\u0142nosprawnych. W punkcie kt\u00f3ry kiedy\u015b mie\u015bci\u0142 si\u0119 przy Placu Jagiello\u0144skim 15, osoby niepe\u0142nosprawne mog\u0142y skorzysta\u0107 z pomocy doradcy zawodowego, psychologa, po\u015brednika pracy. Mog\u0142y nauczy\u0107 si\u0119 obs\u0142ugi komputera, uczestniczy\u0107 w warsztatach, znale\u017a\u0107 prac\u0119.<\/p>\n","protected":false},"excerpt":{"rendered":"<p>ODS\u0141UCHAJ Aktualnie realizujemy \u015awietlica Od 2003r. zajmujemy si\u0119 prowadzeniem \u015bwietlicy dla dzieci z rodzin zagro\u017conych marginalizacj\u0105. Wsp\u00f3\u0142pracujemy w tym zakresie z zespo\u0142ami pracy socjalnej radomskiego MOPS i pedagogami. Zaj\u0119cia wychowawcze i profilaktyczne w \u015bwietlicy prowadzi psycholog i pedagog, przy pomocy wolontariuszy. \u017bywno\u015b\u0107 dla najbardziej potrzebuj\u0105cych mieszka\u0144c\u00f3w Radomia W ramach wsp\u00f3\u0142pracy z Radomskim Bankiem \u017bywno\u015bci realizujemy [&hellip;]<\/p>\n","protected":false},"author":1,"featured_media":161,"parent":0,"menu_order":0,"comment_status":"closed","ping_status":"closed","template":"","meta":{"footnotes":""},"class_list":["post-44","page","type-page","status-publish","has-post-thumbnail","hentry"],"yoast_head":"<!-- This site is optimized with the Yoast SEO plugin v26.7 - https:\/\/yoast.com\/wordpress\/plugins\/seo\/ -->\n<title>PROGRAMY - Radomskie Towarzystwo Dobroczynno\u015bci<\/title>\n<meta name=\"description\" content=\"Opis program\u00f3w i inicjatyw realizowanych przez zesp\u00f3\u0142 Radomskiego Towarzystwa Dobroczynno\u015bci w ramach dzia\u0142alno\u015bci statutowej\" \/>\n<meta name=\"robots\" content=\"index, follow, max-snippet:-1, max-image-preview:large, max-video-preview:-1\" \/>\n<link rel=\"canonical\" href=\"https:\/\/rtd.radom.pl\/?page_id=44\" \/>\n<meta property=\"og:locale\" content=\"pl_PL\" \/>\n<meta property=\"og:type\" content=\"article\" \/>\n<meta property=\"og:title\" content=\"PROGRAMY - Radomskie Towarzystwo Dobroczynno\u015bci\" \/>\n<meta property=\"og:description\" content=\"Opis program\u00f3w i inicjatyw realizowanych przez zesp\u00f3\u0142 Radomskiego Towarzystwa Dobroczynno\u015bci w ramach dzia\u0142alno\u015bci statutowej\" \/>\n<meta property=\"og:url\" content=\"https:\/\/rtd.radom.pl\/?page_id=44\" \/>\n<meta property=\"og:site_name\" content=\"Radomskie Towarzystwo Dobroczynno\u015bci\" \/>\n<meta property=\"article:modified_time\" content=\"2026-01-22T12:42:46+00:00\" \/>\n<meta property=\"og:image\" content=\"https:\/\/rtd.radom.pl\/wp-content\/uploads\/2026\/01\/szkolenie.jpg\" \/>\n\t<meta property=\"og:image:width\" content=\"1600\" \/>\n\t<meta property=\"og:image:height\" content=\"896\" \/>\n\t<meta property=\"og:image:type\" content=\"image\/jpeg\" \/>\n<meta name=\"twitter:card\" content=\"summary_large_image\" \/>\n<meta name=\"twitter:label1\" content=\"Szacowany czas czytania\" \/>\n\t<meta name=\"twitter:data1\" content=\"3 minuty\" \/>\n<script type=\"application\/ld+json\" class=\"yoast-schema-graph\">{\"@context\":\"https:\/\/schema.org\",\"@graph\":[{\"@type\":\"WebPage\",\"@id\":\"https:\/\/rtd.radom.pl\/?page_id=44\",\"url\":\"https:\/\/rtd.radom.pl\/?page_id=44\",\"name\":\"PROGRAMY - Radomskie Towarzystwo Dobroczynno\u015bci\",\"isPartOf\":{\"@id\":\"https:\/\/rtd.radom.pl\/#website\"},\"primaryImageOfPage\":{\"@id\":\"https:\/\/rtd.radom.pl\/?page_id=44#primaryimage\"},\"image\":{\"@id\":\"https:\/\/rtd.radom.pl\/?page_id=44#primaryimage\"},\"thumbnailUrl\":\"https:\/\/rtd.radom.pl\/wp-content\/uploads\/2026\/01\/szkolenie.jpg\",\"datePublished\":\"2026-01-18T19:20:05+00:00\",\"dateModified\":\"2026-01-22T12:42:46+00:00\",\"description\":\"Opis program\u00f3w i inicjatyw realizowanych przez zesp\u00f3\u0142 Radomskiego Towarzystwa Dobroczynno\u015bci w ramach dzia\u0142alno\u015bci statutowej\",\"breadcrumb\":{\"@id\":\"https:\/\/rtd.radom.pl\/?page_id=44#breadcrumb\"},\"inLanguage\":\"pl-PL\",\"potentialAction\":[{\"@type\":\"ReadAction\",\"target\":[\"https:\/\/rtd.radom.pl\/?page_id=44\"]}]},{\"@type\":\"ImageObject\",\"inLanguage\":\"pl-PL\",\"@id\":\"https:\/\/rtd.radom.pl\/?page_id=44#primaryimage\",\"url\":\"https:\/\/rtd.radom.pl\/wp-content\/uploads\/2026\/01\/szkolenie.jpg\",\"contentUrl\":\"https:\/\/rtd.radom.pl\/wp-content\/uploads\/2026\/01\/szkolenie.jpg\",\"width\":1600,\"height\":896},{\"@type\":\"BreadcrumbList\",\"@id\":\"https:\/\/rtd.radom.pl\/?page_id=44#breadcrumb\",\"itemListElement\":[{\"@type\":\"ListItem\",\"position\":1,\"name\":\"Home\",\"item\":\"https:\/\/rtd.radom.pl\/\"},{\"@type\":\"ListItem\",\"position\":2,\"name\":\"PROGRAMY\"}]},{\"@type\":\"WebSite\",\"@id\":\"https:\/\/rtd.radom.pl\/#website\",\"url\":\"https:\/\/rtd.radom.pl\/\",\"name\":\"Radomskie Towarzystwo Dobroczynno\u015bci\",\"description\":\"Jeste\u015bmy Organizacj\u0105 Po\u017cytku Publicznego\",\"publisher\":{\"@id\":\"https:\/\/rtd.radom.pl\/#organization\"},\"potentialAction\":[{\"@type\":\"SearchAction\",\"target\":{\"@type\":\"EntryPoint\",\"urlTemplate\":\"https:\/\/rtd.radom.pl\/?s={search_term_string}\"},\"query-input\":{\"@type\":\"PropertyValueSpecification\",\"valueRequired\":true,\"valueName\":\"search_term_string\"}}],\"inLanguage\":\"pl-PL\"},{\"@type\":\"Organization\",\"@id\":\"https:\/\/rtd.radom.pl\/#organization\",\"name\":\"Radomskie Towarzystwo Dobroczynno\u015bci\",\"url\":\"https:\/\/rtd.radom.pl\/\",\"logo\":{\"@type\":\"ImageObject\",\"inLanguage\":\"pl-PL\",\"@id\":\"https:\/\/rtd.radom.pl\/#\/schema\/logo\/image\/\",\"url\":\"https:\/\/rtd.radom.pl\/wp-content\/uploads\/2026\/01\/rtd_logo_tr.png\",\"contentUrl\":\"https:\/\/rtd.radom.pl\/wp-content\/uploads\/2026\/01\/rtd_logo_tr.png\",\"width\":545,\"height\":512,\"caption\":\"Radomskie Towarzystwo Dobroczynno\u015bci\"},\"image\":{\"@id\":\"https:\/\/rtd.radom.pl\/#\/schema\/logo\/image\/\"}}]}<\/script>\n<!-- \/ Yoast SEO plugin. -->","yoast_head_json":{"title":"PROGRAMY - Radomskie Towarzystwo Dobroczynno\u015bci","description":"Opis program\u00f3w i inicjatyw realizowanych przez zesp\u00f3\u0142 Radomskiego Towarzystwa Dobroczynno\u015bci w ramach dzia\u0142alno\u015bci statutowej","robots":{"index":"index","follow":"follow","max-snippet":"max-snippet:-1","max-image-preview":"max-image-preview:large","max-video-preview":"max-video-preview:-1"},"canonical":"https:\/\/rtd.radom.pl\/?page_id=44","og_locale":"pl_PL","og_type":"article","og_title":"PROGRAMY - Radomskie Towarzystwo Dobroczynno\u015bci","og_description":"Opis program\u00f3w i inicjatyw realizowanych przez zesp\u00f3\u0142 Radomskiego Towarzystwa Dobroczynno\u015bci w ramach dzia\u0142alno\u015bci statutowej","og_url":"https:\/\/rtd.radom.pl\/?page_id=44","og_site_name":"Radomskie Towarzystwo Dobroczynno\u015bci","article_modified_time":"2026-01-22T12:42:46+00:00","og_image":[{"width":1600,"height":896,"url":"https:\/\/rtd.radom.pl\/wp-content\/uploads\/2026\/01\/szkolenie.jpg","type":"image\/jpeg"}],"twitter_card":"summary_large_image","twitter_misc":{"Szacowany czas czytania":"3 minuty"},"schema":{"@context":"https:\/\/schema.org","@graph":[{"@type":"WebPage","@id":"https:\/\/rtd.radom.pl\/?page_id=44","url":"https:\/\/rtd.radom.pl\/?page_id=44","name":"PROGRAMY - Radomskie Towarzystwo Dobroczynno\u015bci","isPartOf":{"@id":"https:\/\/rtd.radom.pl\/#website"},"primaryImageOfPage":{"@id":"https:\/\/rtd.radom.pl\/?page_id=44#primaryimage"},"image":{"@id":"https:\/\/rtd.radom.pl\/?page_id=44#primaryimage"},"thumbnailUrl":"https:\/\/rtd.radom.pl\/wp-content\/uploads\/2026\/01\/szkolenie.jpg","datePublished":"2026-01-18T19:20:05+00:00","dateModified":"2026-01-22T12:42:46+00:00","description":"Opis program\u00f3w i inicjatyw realizowanych przez zesp\u00f3\u0142 Radomskiego Towarzystwa Dobroczynno\u015bci w ramach dzia\u0142alno\u015bci statutowej","breadcrumb":{"@id":"https:\/\/rtd.radom.pl\/?page_id=44#breadcrumb"},"inLanguage":"pl-PL","potentialAction":[{"@type":"ReadAction","target":["https:\/\/rtd.radom.pl\/?page_id=44"]}]},{"@type":"ImageObject","inLanguage":"pl-PL","@id":"https:\/\/rtd.radom.pl\/?page_id=44#primaryimage","url":"https:\/\/rtd.radom.pl\/wp-content\/uploads\/2026\/01\/szkolenie.jpg","contentUrl":"https:\/\/rtd.radom.pl\/wp-content\/uploads\/2026\/01\/szkolenie.jpg","width":1600,"height":896},{"@type":"BreadcrumbList","@id":"https:\/\/rtd.radom.pl\/?page_id=44#breadcrumb","itemListElement":[{"@type":"ListItem","position":1,"name":"Home","item":"https:\/\/rtd.radom.pl\/"},{"@type":"ListItem","position":2,"name":"PROGRAMY"}]},{"@type":"WebSite","@id":"https:\/\/rtd.radom.pl\/#website","url":"https:\/\/rtd.radom.pl\/","name":"Radomskie Towarzystwo Dobroczynno\u015bci","description":"Jeste\u015bmy Organizacj\u0105 Po\u017cytku Publicznego","publisher":{"@id":"https:\/\/rtd.radom.pl\/#organization"},"potentialAction":[{"@type":"SearchAction","target":{"@type":"EntryPoint","urlTemplate":"https:\/\/rtd.radom.pl\/?s={search_term_string}"},"query-input":{"@type":"PropertyValueSpecification","valueRequired":true,"valueName":"search_term_string"}}],"inLanguage":"pl-PL"},{"@type":"Organization","@id":"https:\/\/rtd.radom.pl\/#organization","name":"Radomskie Towarzystwo Dobroczynno\u015bci","url":"https:\/\/rtd.radom.pl\/","logo":{"@type":"ImageObject","inLanguage":"pl-PL","@id":"https:\/\/rtd.radom.pl\/#\/schema\/logo\/image\/","url":"https:\/\/rtd.radom.pl\/wp-content\/uploads\/2026\/01\/rtd_logo_tr.png","contentUrl":"https:\/\/rtd.radom.pl\/wp-content\/uploads\/2026\/01\/rtd_logo_tr.png","width":545,"height":512,"caption":"Radomskie Towarzystwo Dobroczynno\u015bci"},"image":{"@id":"https:\/\/rtd.radom.pl\/#\/schema\/logo\/image\/"}}]}},"_links":{"self":[{"href":"https:\/\/rtd.radom.pl\/index.php?rest_route=\/wp\/v2\/pages\/44","targetHints":{"allow":["GET"]}}],"collection":[{"href":"https:\/\/rtd.radom.pl\/index.php?rest_route=\/wp\/v2\/pages"}],"about":[{"href":"https:\/\/rtd.radom.pl\/index.php?rest_route=\/wp\/v2\/types\/page"}],"author":[{"embeddable":true,"href":"https:\/\/rtd.radom.pl\/index.php?rest_route=\/wp\/v2\/users\/1"}],"replies":[{"embeddable":true,"href":"https:\/\/rtd.radom.pl\/index.php?rest_route=%2Fwp%2Fv2%2Fcomments&post=44"}],"version-history":[{"count":5,"href":"https:\/\/rtd.radom.pl\/index.php?rest_route=\/wp\/v2\/pages\/44\/revisions"}],"predecessor-version":[{"id":278,"href":"https:\/\/rtd.radom.pl\/index.php?rest_route=\/wp\/v2\/pages\/44\/revisions\/278"}],"wp:featuredmedia":[{"embeddable":true,"href":"https:\/\/rtd.radom.pl\/index.php?rest_route=\/wp\/v2\/media\/161"}],"wp:attachment":[{"href":"https:\/\/rtd.radom.pl\/index.php?rest_route=%2Fwp%2Fv2%2Fmedia&parent=44"}],"curies":[{"name":"wp","href":"https:\/\/api.w.org\/{rel}","templated":true}]}}