{"id":38,"date":"2026-01-18T19:55:26","date_gmt":"2026-01-18T18:55:26","guid":{"rendered":"http:\/\/rtd.radom.pl\/?page_id=38"},"modified":"2026-01-25T20:38:17","modified_gmt":"2026-01-25T19:38:17","slug":"aktualnosci","status":"publish","type":"page","link":"https:\/\/rtd.radom.pl\/","title":{"rendered":"AKTUALNO\u015aCI"},"content":{"rendered":"<div class=\"n2-section-smartslider fitvidsignore  n2_clear\" data-ssid=\"2\"><div id=\"n2-ss-2-align\" class=\"n2-ss-align\"><div class=\"n2-padding\"><div id=\"n2-ss-2\" data-creator=\"Smart Slider 3\" data-responsive=\"auto\" class=\"n2-ss-slider n2-ow n2-has-hover n2notransition  \"><div class=\"n2-ss-slider-wrapper-inside\">\n        <div class=\"n2-ss-slider-1 n2_ss__touch_element n2-ow\">\n            <div class=\"n2-ss-slider-2 n2-ow\">\n                                                <div class=\"n2-ss-slider-3 n2-ow\">\n\n                    <div class=\"n2-ss-slide-backgrounds n2-ow-all\"><div class=\"n2-ss-slide-background\" data-public-id=\"1\" data-mode=\"fill\"><div class=\"n2-ss-slide-background-image\" data-blur=\"0\" data-opacity=\"100\" data-x=\"50\" data-y=\"50\" data-alt=\"\" data-title=\"\"><picture class=\"skip-lazy\" data-skip-lazy=\"1\"><img decoding=\"async\" src=\"\/\/rtd.radom.pl\/wp-content\/uploads\/2026\/02\/swietlica_2026.jpg\" alt=\"\" title=\"\" loading=\"lazy\" class=\"skip-lazy\" data-skip-lazy=\"1\"><\/picture><\/div><div data-color=\"RGBA(255,255,255,0)\" style=\"background-color: RGBA(255,255,255,0);\" class=\"n2-ss-slide-background-color\"><\/div><\/div><div class=\"n2-ss-slide-background\" data-public-id=\"2\" data-mode=\"fill\" aria-hidden=\"true\"><div class=\"n2-ss-slide-background-image\" data-blur=\"0\" data-opacity=\"100\" data-x=\"50\" data-y=\"50\" data-alt=\"\" data-title=\"\"><picture class=\"skip-lazy\" data-skip-lazy=\"1\"><img decoding=\"async\" src=\"\/\/rtd.radom.pl\/wp-content\/uploads\/2026\/01\/placowka-wsparcia-dziennego.jpg\" alt=\"\" title=\"\" loading=\"lazy\" class=\"skip-lazy\" data-skip-lazy=\"1\"><\/picture><\/div><div data-color=\"RGBA(255,255,255,0)\" style=\"background-color: RGBA(255,255,255,0);\" class=\"n2-ss-slide-background-color\"><\/div><\/div><div class=\"n2-ss-slide-background\" data-public-id=\"3\" data-mode=\"fill\" aria-hidden=\"true\"><div class=\"n2-ss-slide-background-image\" data-blur=\"0\" data-opacity=\"100\" data-x=\"50\" data-y=\"50\" data-alt=\"\" data-title=\"\"><picture class=\"skip-lazy\" data-skip-lazy=\"1\"><img decoding=\"async\" src=\"\/\/rtd.radom.pl\/wp-content\/uploads\/2026\/01\/chcemy_byc_szczesliwi2.jpg\" alt=\"\" title=\"\" loading=\"lazy\" class=\"skip-lazy\" data-skip-lazy=\"1\"><\/picture><\/div><div data-color=\"RGBA(255,255,255,0)\" style=\"background-color: RGBA(255,255,255,0);\" class=\"n2-ss-slide-background-color\"><\/div><\/div><\/div>                    <div class=\"n2-ss-slider-4 n2-ow\">\n                        <svg xmlns=\"http:\/\/www.w3.org\/2000\/svg\" viewBox=\"0 0 1200 600\" data-related-device=\"desktopPortrait\" class=\"n2-ow n2-ss-preserve-size n2-ss-preserve-size--slider n2-ss-slide-limiter\"><\/svg><div data-first=\"1\" data-slide-duration=\"0\" data-id=\"10\" data-slide-public-id=\"1\" data-title=\"swietlica_2026\" class=\"n2-ss-slide n2-ow  n2-ss-slide-10\"><div role=\"note\" class=\"n2-ss-slide--focus\" tabindex=\"-1\">swietlica_2026<\/div><div class=\"n2-ss-layers-container n2-ss-slide-limiter n2-ow\"><div class=\"n2-ss-layer n2-ow n-uc-EtRorAkStTI3\" data-sstype=\"slide\" data-pm=\"default\"><\/div><\/div><\/div><div data-slide-duration=\"0\" data-id=\"6\" data-slide-public-id=\"2\" aria-hidden=\"true\" data-title=\"placowka-wsparcia-dziennego\" class=\"n2-ss-slide n2-ow  n2-ss-slide-6\"><div role=\"note\" class=\"n2-ss-slide--focus\" tabindex=\"-1\">placowka-wsparcia-dziennego<\/div><div class=\"n2-ss-layers-container n2-ss-slide-limiter n2-ow\"><div class=\"n2-ss-layer n2-ow n-uc-SD7RYrpyZuRb\" data-sstype=\"slide\" data-pm=\"default\"><\/div><\/div><\/div><div data-slide-duration=\"0\" data-id=\"9\" data-slide-public-id=\"3\" aria-hidden=\"true\" data-title=\"chcemy_byc_szczesliwi2\" class=\"n2-ss-slide n2-ow  n2-ss-slide-9\"><div role=\"note\" class=\"n2-ss-slide--focus\" tabindex=\"-1\">chcemy_byc_szczesliwi2<\/div><div class=\"n2-ss-layers-container n2-ss-slide-limiter n2-ow\"><div class=\"n2-ss-layer n2-ow n-uc-0Rw2sMY6ziK2\" data-sstype=\"slide\" data-pm=\"default\"><\/div><\/div><\/div>                    <\/div>\n\n                                    <\/div>\n            <\/div>\n        <\/div>\n        <div class=\"n2-ss-slider-controls n2-ss-slider-controls-absolute-left-center\"><div style=\"--widget-offset:15px;\" class=\"n2-ss-widget nextend-arrow n2-ow-all nextend-arrow-previous  nextend-arrow-animated-fade\" data-hide-mobileportrait=\"1\" id=\"n2-ss-2-arrow-previous\" role=\"button\" aria-label=\"previous arrow\" tabindex=\"0\"><img decoding=\"async\" width=\"32\" height=\"32\" class=\"skip-lazy\" data-skip-lazy=\"1\" src=\"data:image\/svg+xml;base64,PHN2ZyB3aWR0aD0iMzIiIGhlaWdodD0iMzIiIHZpZXdCb3g9IjAgMCAzMiAzMiIgeG1sbnM9Imh0dHA6Ly93d3cudzMub3JnLzIwMDAvc3ZnIj4KICAgIDxwYXRoIGQ9Ik0xMS40MzMgMTUuOTkyTDIyLjY5IDUuNzEyYy4zOTMtLjM5LjM5My0xLjAzIDAtMS40Mi0uMzkzLS4zOS0xLjAzLS4zOS0xLjQyMyAwbC0xMS45OCAxMC45NGMtLjIxLjIxLS4zLjQ5LS4yODUuNzYtLjAxNS4yOC4wNzUuNTYuMjg0Ljc3bDExLjk4IDEwLjk0Yy4zOTMuMzkgMS4wMy4zOSAxLjQyNCAwIC4zOTMtLjQuMzkzLTEuMDMgMC0xLjQybC0xMS4yNTctMTAuMjkiCiAgICAgICAgICBmaWxsPSIjZmZmZmZmIiBvcGFjaXR5PSIwLjgiIGZpbGwtcnVsZT0iZXZlbm9kZCIvPgo8L3N2Zz4=\" alt=\"previous arrow\"><\/div><\/div><div class=\"n2-ss-slider-controls n2-ss-slider-controls-absolute-right-center\"><div style=\"--widget-offset:15px;\" class=\"n2-ss-widget nextend-arrow n2-ow-all nextend-arrow-next  nextend-arrow-animated-fade\" data-hide-mobileportrait=\"1\" id=\"n2-ss-2-arrow-next\" role=\"button\" aria-label=\"next arrow\" tabindex=\"0\"><img decoding=\"async\" width=\"32\" height=\"32\" class=\"skip-lazy\" data-skip-lazy=\"1\" src=\"data:image\/svg+xml;base64,PHN2ZyB3aWR0aD0iMzIiIGhlaWdodD0iMzIiIHZpZXdCb3g9IjAgMCAzMiAzMiIgeG1sbnM9Imh0dHA6Ly93d3cudzMub3JnLzIwMDAvc3ZnIj4KICAgIDxwYXRoIGQ9Ik0xMC43MjIgNC4yOTNjLS4zOTQtLjM5LTEuMDMyLS4zOS0xLjQyNyAwLS4zOTMuMzktLjM5MyAxLjAzIDAgMS40MmwxMS4yODMgMTAuMjgtMTEuMjgzIDEwLjI5Yy0uMzkzLjM5LS4zOTMgMS4wMiAwIDEuNDIuMzk1LjM5IDEuMDMzLjM5IDEuNDI3IDBsMTIuMDA3LTEwLjk0Yy4yMS0uMjEuMy0uNDkuMjg0LS43Ny4wMTQtLjI3LS4wNzYtLjU1LS4yODYtLjc2TDEwLjcyIDQuMjkzeiIKICAgICAgICAgIGZpbGw9IiNmZmZmZmYiIG9wYWNpdHk9IjAuOCIgZmlsbC1ydWxlPSJldmVub2RkIi8+Cjwvc3ZnPg==\" alt=\"next arrow\"><\/div><\/div><\/div><\/div><ss3-loader><\/ss3-loader><\/div><\/div><div class=\"n2_clear\"><\/div><\/div>\n\n\n<p>ODS\u0141UCHAJ <\/p>\n\n\n\n<figure class=\"wp-block-audio\"><audio controls src=\"https:\/\/rtd.radom.pl\/wp-content\/uploads\/2026\/01\/aktualnosci.mp3\"><\/audio><\/figure>\n\n\n\n<p>Sporo si\u0119 u nas dzieje. Realizujemy programy pomocowe i szereg dzia\u0142a\u0144 statutowych. Tutaj znajdziesz informacje o aktualnych wydarzeniach i sprawach wa\u017cnych dla naszego Towarzystwa. <\/p>\n\n\n<ul class=\"wp-block-latest-posts__list has-dates wp-block-latest-posts\"><li><div class=\"wp-block-latest-posts__featured-image\"><a href=\"https:\/\/rtd.radom.pl\/?p=377\" aria-label=\"Wielkanoc 2026\"><img decoding=\"async\" width=\"150\" height=\"150\" src=\"https:\/\/rtd.radom.pl\/wp-content\/uploads\/2026\/03\/wielkanoc-150x150.png\" class=\"attachment-thumbnail size-thumbnail wp-post-image\" alt=\"\" style=\"\" \/><\/a><\/div><a class=\"wp-block-latest-posts__post-title\" href=\"https:\/\/rtd.radom.pl\/?p=377\">Wielkanoc 2026<\/a><time datetime=\"2026-03-31T12:50:57+02:00\" class=\"wp-block-latest-posts__post-date\">2026-03-31<\/time><div class=\"wp-block-latest-posts__post-excerpt\"><\/div><\/li>\n<li><a class=\"wp-block-latest-posts__post-title\" href=\"https:\/\/rtd.radom.pl\/?p=371\">Podziel si\u0119 sercem &#8211; przeka\u017c 1,5%<\/a><time datetime=\"2026-03-11T12:48:21+01:00\" class=\"wp-block-latest-posts__post-date\">2026-03-11<\/time><div class=\"wp-block-latest-posts__post-excerpt\"><\/div><\/li>\n<li><div class=\"wp-block-latest-posts__featured-image\"><a href=\"https:\/\/rtd.radom.pl\/?p=365\" aria-label=\"\u015awietlica 2026\"><img loading=\"lazy\" decoding=\"async\" width=\"150\" height=\"150\" src=\"https:\/\/rtd.radom.pl\/wp-content\/uploads\/2026\/02\/stworz-realistycznagrafike-przedstawiajaca-dzieci-bawiace-sie-na-placu-zabaw-w-parku-w-sloneczny-dzien-150x150.jpg\" class=\"attachment-thumbnail size-thumbnail wp-post-image\" alt=\"\" style=\"\" \/><\/a><\/div><a class=\"wp-block-latest-posts__post-title\" href=\"https:\/\/rtd.radom.pl\/?p=365\">\u015awietlica 2026<\/a><time datetime=\"2026-02-19T13:22:49+01:00\" class=\"wp-block-latest-posts__post-date\">2026-02-19<\/time><div class=\"wp-block-latest-posts__post-excerpt\">Dzi\u0119ki wsp\u00f3\u0142finansowaniu z Gminy Miasta Radomia kontynuujemy dzia\u0142anie polegaj\u0105ce na prowadzeniu plac\u00f3wki wsparcia dziennego.  <\/div><\/li>\n<li><div class=\"wp-block-latest-posts__featured-image\"><a href=\"https:\/\/rtd.radom.pl\/?p=94\" aria-label=\"Podaruj 1,5% podatku\"><img loading=\"lazy\" decoding=\"async\" width=\"125\" height=\"128\" src=\"https:\/\/rtd.radom.pl\/wp-content\/uploads\/2026\/01\/opp_blog.png\" class=\"attachment-thumbnail size-thumbnail wp-post-image\" alt=\"\" style=\"\" \/><\/a><\/div><a class=\"wp-block-latest-posts__post-title\" href=\"https:\/\/rtd.radom.pl\/?p=94\">Podaruj 1,5% podatku<\/a><time datetime=\"2026-01-18T23:25:55+01:00\" class=\"wp-block-latest-posts__post-date\">2026-01-18<\/time><div class=\"wp-block-latest-posts__post-excerpt\">Zbli\u017ca si\u0119 moment rozliczenia rocznego. Podaruj 1,5% swojego podatku dzieciom ze \u015bwietlicy dzia\u0142aj\u0105cej przy RTD<\/div><\/li>\n<li><div class=\"wp-block-latest-posts__featured-image\"><a href=\"https:\/\/rtd.radom.pl\/?p=349\" aria-label=\"Wigilia radomskich NGOs\"><img loading=\"lazy\" decoding=\"async\" width=\"150\" height=\"150\" src=\"https:\/\/rtd.radom.pl\/wp-content\/uploads\/2026\/01\/1000033027-150x150.jpg\" class=\"attachment-thumbnail size-thumbnail wp-post-image\" alt=\"Wigilia dla radomskich NGO grudzie\u0144 2025\" style=\"\" \/><\/a><\/div><a class=\"wp-block-latest-posts__post-title\" href=\"https:\/\/rtd.radom.pl\/?p=349\">Wigilia radomskich NGOs<\/a><time datetime=\"2025-12-17T19:12:48+01:00\" class=\"wp-block-latest-posts__post-date\">2025-12-17<\/time><div class=\"wp-block-latest-posts__post-excerpt\">17 grudnia 2025 roku w Centrum Organizacji Pozarz\u0105dowych kamienicy Deskur\u00f3w odby\u0142a si\u0119 uroczysta wigilia dla przedstawicieli radomskich NGO. Nie zabrak\u0142o\u2026 <a class=\"wp-block-latest-posts__read-more\" href=\"https:\/\/rtd.radom.pl\/?p=349\" rel=\"noopener noreferrer\">Dowiedz si\u0119 wi\u0119cej<span class=\"screen-reader-text\">: Wigilia radomskich NGOs<\/span><\/a><\/div><\/li>\n<li><div class=\"wp-block-latest-posts__featured-image\"><a href=\"https:\/\/rtd.radom.pl\/?p=100\" aria-label=\"Chcemy by\u0107 szcz\u0119\u015bliwi 2025\"><img loading=\"lazy\" decoding=\"async\" width=\"150\" height=\"150\" src=\"https:\/\/rtd.radom.pl\/wp-content\/uploads\/2025\/12\/logo_mcps_512-150x150.png\" class=\"attachment-thumbnail size-thumbnail wp-post-image\" alt=\"\" style=\"\" \/><\/a><\/div><a class=\"wp-block-latest-posts__post-title\" href=\"https:\/\/rtd.radom.pl\/?p=100\">Chcemy by\u0107 szcz\u0119\u015bliwi 2025<\/a><time datetime=\"2025-12-15T23:38:52+01:00\" class=\"wp-block-latest-posts__post-date\">2025-12-15<\/time><div class=\"wp-block-latest-posts__post-excerpt\">Radomskie Towarzystwo Dobroczynno\u015bci realizuje zadanie publiczne pt.\u201e Chcemy by\u0107 szcz\u0119\u015bliwi\u201d w okresie od 18.04.2023 do 15.12.2025r.&#8221; Zadanie publiczne dofinansowane ze\u2026 <a class=\"wp-block-latest-posts__read-more\" href=\"https:\/\/rtd.radom.pl\/?p=100\" rel=\"noopener noreferrer\">Dowiedz si\u0119 wi\u0119cej<span class=\"screen-reader-text\">: Chcemy by\u0107 szcz\u0119\u015bliwi 2025<\/span><\/a><\/div><\/li>\n<li><div class=\"wp-block-latest-posts__featured-image\"><a href=\"https:\/\/rtd.radom.pl\/?p=347\" aria-label=\"Kiermasz \u015bwi\u0105teczny radomskich NGO\"><img loading=\"lazy\" decoding=\"async\" width=\"150\" height=\"150\" src=\"https:\/\/rtd.radom.pl\/wp-content\/uploads\/2026\/01\/1000032988-150x150.jpg\" class=\"attachment-thumbnail size-thumbnail wp-post-image\" alt=\"\" style=\"\" \/><\/a><\/div><a class=\"wp-block-latest-posts__post-title\" href=\"https:\/\/rtd.radom.pl\/?p=347\">Kiermasz \u015bwi\u0105teczny radomskich NGO<\/a><time datetime=\"2025-12-12T19:05:53+01:00\" class=\"wp-block-latest-posts__post-date\">2025-12-12<\/time><div class=\"wp-block-latest-posts__post-excerpt\">12 grudnia Radomskie Towarzystwo Dobroczynno\u015bci wzi\u0119\u0142o udzia\u0142 w \u015awi\u0105tecznym Kiermaszu radomskich Organizacji Pozarz\u0105dowych. Nasze Towarzystwo mia\u0142o w\u0142asne stoisko z dekoracjami\u2026 <a class=\"wp-block-latest-posts__read-more\" href=\"https:\/\/rtd.radom.pl\/?p=347\" rel=\"noopener noreferrer\">Dowiedz si\u0119 wi\u0119cej<span class=\"screen-reader-text\">: Kiermasz \u015bwi\u0105teczny radomskich NGO<\/span><\/a><\/div><\/li>\n<li><div class=\"wp-block-latest-posts__featured-image\"><a href=\"https:\/\/rtd.radom.pl\/?p=299\" aria-label=\"O NAS\"><img loading=\"lazy\" decoding=\"async\" width=\"150\" height=\"150\" src=\"https:\/\/rtd.radom.pl\/wp-content\/uploads\/2026\/01\/onas_gmc-150x150.png\" class=\"attachment-thumbnail size-thumbnail wp-post-image\" alt=\"\" style=\"\" \/><\/a><\/div><a class=\"wp-block-latest-posts__post-title\" href=\"https:\/\/rtd.radom.pl\/?p=299\">O NAS<\/a><time datetime=\"2025-10-15T12:37:00+02:00\" class=\"wp-block-latest-posts__post-date\">2025-10-15<\/time><div class=\"wp-block-latest-posts__post-excerpt\">Zobacz materia\u0142 wideo przygotowany o naszym Towarzystwie w ramach projektu realizowanego przez O\u015brodek Niezale\u017cnej Akcji Spo\u0142ecznej.<\/div><\/li>\n<li><div class=\"wp-block-latest-posts__featured-image\"><a href=\"https:\/\/rtd.radom.pl\/?p=344\" aria-label=\"Zbi\u00f3rka dla schroniska\"><img loading=\"lazy\" decoding=\"async\" width=\"150\" height=\"150\" src=\"https:\/\/rtd.radom.pl\/wp-content\/uploads\/2026\/01\/dyplom_rtd_zbiorka_schronisko-150x150.jpg\" class=\"attachment-thumbnail size-thumbnail wp-post-image\" alt=\"podzi\u0119kowanie schroniska dla RTD za udzia\u0142 w zbi\u00f3rce\" style=\"\" \/><\/a><\/div><a class=\"wp-block-latest-posts__post-title\" href=\"https:\/\/rtd.radom.pl\/?p=344\">Zbi\u00f3rka dla schroniska<\/a><time datetime=\"2025-09-15T19:00:30+02:00\" class=\"wp-block-latest-posts__post-date\">2025-09-15<\/time><div class=\"wp-block-latest-posts__post-excerpt\">W dniach 5 &#8211; 12 wrze\u015bnia 2025 r. odby\u0142a si\u0119 zbi\u00f3rka karmy i innych dar\u00f3w na rzecz radomskiego schroniska dla\u2026 <a class=\"wp-block-latest-posts__read-more\" href=\"https:\/\/rtd.radom.pl\/?p=344\" rel=\"noopener noreferrer\">Dowiedz si\u0119 wi\u0119cej<span class=\"screen-reader-text\">: Zbi\u00f3rka dla schroniska<\/span><\/a><\/div><\/li>\n<li><div class=\"wp-block-latest-posts__featured-image\"><a href=\"https:\/\/rtd.radom.pl\/?p=107\" aria-label=\"Plac\u00f3wka wsparcia dziennego 2025\"><img loading=\"lazy\" decoding=\"async\" width=\"125\" height=\"125\" src=\"https:\/\/rtd.radom.pl\/wp-content\/uploads\/2025\/01\/radom_swp_blog.png\" class=\"attachment-thumbnail size-thumbnail wp-post-image\" alt=\"\" style=\"\" \/><\/a><\/div><a class=\"wp-block-latest-posts__post-title\" href=\"https:\/\/rtd.radom.pl\/?p=107\">Plac\u00f3wka wsparcia dziennego 2025<\/a><time datetime=\"2025-01-18T23:48:00+01:00\" class=\"wp-block-latest-posts__post-date\">2025-01-18<\/time><div class=\"wp-block-latest-posts__post-excerpt\">Radomskie Towarzystwo Dobroczynno\u015bci w okresie od 01 stycznia do 31 grudnia &nbsp;2025r. realizuje zadanie publiczne pod nazw\u0105 \u201eProwadzenie plac\u00f3wki wsparcia\u2026 <a class=\"wp-block-latest-posts__read-more\" href=\"https:\/\/rtd.radom.pl\/?p=107\" rel=\"noopener noreferrer\">Dowiedz si\u0119 wi\u0119cej<span class=\"screen-reader-text\">: Plac\u00f3wka wsparcia dziennego 2025<\/span><\/a><\/div><\/li>\n<\/ul>","protected":false},"excerpt":{"rendered":"<p>ODS\u0141UCHAJ Sporo si\u0119 u nas dzieje. Realizujemy programy pomocowe i szereg dzia\u0142a\u0144 statutowych. Tutaj znajdziesz informacje o aktualnych wydarzeniach i sprawach wa\u017cnych dla naszego Towarzystwa.<\/p>\n","protected":false},"author":1,"featured_media":162,"parent":0,"menu_order":0,"comment_status":"closed","ping_status":"closed","template":"","meta":{"footnotes":""},"class_list":["post-38","page","type-page","status-publish","has-post-thumbnail","hentry"],"yoast_head":"<!-- This site is optimized with the Yoast SEO plugin v26.7 - https:\/\/yoast.com\/wordpress\/plugins\/seo\/ -->\n<title>AKTUALNO\u015aCI - Radomskie Towarzystwo Dobroczynno\u015bci<\/title>\n<meta name=\"description\" content=\"Radomskie Towarzystwo Dobroczynno\u015bci, realizowane programy wsparcia, dzia\u0142ania dobroczynne, \u015bwietlica \u015brodowiskowa dla dzieci, wolontariat.\" \/>\n<meta name=\"robots\" content=\"index, follow, max-snippet:-1, max-image-preview:large, max-video-preview:-1\" \/>\n<link rel=\"canonical\" href=\"https:\/\/rtd.radom.pl\/\" \/>\n<meta property=\"og:locale\" content=\"pl_PL\" \/>\n<meta property=\"og:type\" content=\"article\" \/>\n<meta property=\"og:title\" content=\"AKTUALNO\u015aCI - Radomskie Towarzystwo Dobroczynno\u015bci\" \/>\n<meta property=\"og:description\" content=\"Radomskie Towarzystwo Dobroczynno\u015bci, realizowane programy wsparcia, dzia\u0142ania dobroczynne, \u015bwietlica \u015brodowiskowa dla dzieci, wolontariat.\" \/>\n<meta property=\"og:url\" content=\"https:\/\/rtd.radom.pl\/\" \/>\n<meta property=\"og:site_name\" content=\"Radomskie Towarzystwo Dobroczynno\u015bci\" \/>\n<meta property=\"article:modified_time\" content=\"2026-01-25T19:38:17+00:00\" \/>\n<meta property=\"og:image\" content=\"https:\/\/rtd.radom.pl\/wp-content\/uploads\/2026\/01\/aktualnosci.jpg\" \/>\n\t<meta property=\"og:image:width\" content=\"1600\" \/>\n\t<meta property=\"og:image:height\" content=\"896\" \/>\n\t<meta property=\"og:image:type\" content=\"image\/jpeg\" \/>\n<meta name=\"twitter:card\" content=\"summary_large_image\" \/>\n<meta name=\"twitter:label1\" content=\"Szacowany czas czytania\" \/>\n\t<meta name=\"twitter:data1\" content=\"1 minuta\" \/>\n<script type=\"application\/ld+json\" class=\"yoast-schema-graph\">{\"@context\":\"https:\/\/schema.org\",\"@graph\":[{\"@type\":\"WebPage\",\"@id\":\"https:\/\/rtd.radom.pl\/\",\"url\":\"https:\/\/rtd.radom.pl\/\",\"name\":\"AKTUALNO\u015aCI - Radomskie Towarzystwo Dobroczynno\u015bci\",\"isPartOf\":{\"@id\":\"https:\/\/rtd.radom.pl\/#website\"},\"primaryImageOfPage\":{\"@id\":\"https:\/\/rtd.radom.pl\/#primaryimage\"},\"image\":{\"@id\":\"https:\/\/rtd.radom.pl\/#primaryimage\"},\"thumbnailUrl\":\"https:\/\/rtd.radom.pl\/wp-content\/uploads\/2026\/01\/aktualnosci.jpg\",\"datePublished\":\"2026-01-18T18:55:26+00:00\",\"dateModified\":\"2026-01-25T19:38:17+00:00\",\"description\":\"Radomskie Towarzystwo Dobroczynno\u015bci, realizowane programy wsparcia, dzia\u0142ania dobroczynne, \u015bwietlica \u015brodowiskowa dla dzieci, wolontariat.\",\"breadcrumb\":{\"@id\":\"https:\/\/rtd.radom.pl\/#breadcrumb\"},\"inLanguage\":\"pl-PL\",\"potentialAction\":[{\"@type\":\"ReadAction\",\"target\":[\"https:\/\/rtd.radom.pl\/\"]}]},{\"@type\":\"ImageObject\",\"inLanguage\":\"pl-PL\",\"@id\":\"https:\/\/rtd.radom.pl\/#primaryimage\",\"url\":\"https:\/\/rtd.radom.pl\/wp-content\/uploads\/2026\/01\/aktualnosci.jpg\",\"contentUrl\":\"https:\/\/rtd.radom.pl\/wp-content\/uploads\/2026\/01\/aktualnosci.jpg\",\"width\":1600,\"height\":896},{\"@type\":\"BreadcrumbList\",\"@id\":\"https:\/\/rtd.radom.pl\/#breadcrumb\",\"itemListElement\":[{\"@type\":\"ListItem\",\"position\":1,\"name\":\"Home\",\"item\":\"https:\/\/rtd.radom.pl\/\"},{\"@type\":\"ListItem\",\"position\":2,\"name\":\"AKTUALNO\u015aCI\"}]},{\"@type\":\"WebSite\",\"@id\":\"https:\/\/rtd.radom.pl\/#website\",\"url\":\"https:\/\/rtd.radom.pl\/\",\"name\":\"Radomskie Towarzystwo Dobroczynno\u015bci\",\"description\":\"Jeste\u015bmy Organizacj\u0105 Po\u017cytku Publicznego\",\"publisher\":{\"@id\":\"https:\/\/rtd.radom.pl\/#organization\"},\"potentialAction\":[{\"@type\":\"SearchAction\",\"target\":{\"@type\":\"EntryPoint\",\"urlTemplate\":\"https:\/\/rtd.radom.pl\/?s={search_term_string}\"},\"query-input\":{\"@type\":\"PropertyValueSpecification\",\"valueRequired\":true,\"valueName\":\"search_term_string\"}}],\"inLanguage\":\"pl-PL\"},{\"@type\":\"Organization\",\"@id\":\"https:\/\/rtd.radom.pl\/#organization\",\"name\":\"Radomskie Towarzystwo Dobroczynno\u015bci\",\"url\":\"https:\/\/rtd.radom.pl\/\",\"logo\":{\"@type\":\"ImageObject\",\"inLanguage\":\"pl-PL\",\"@id\":\"https:\/\/rtd.radom.pl\/#\/schema\/logo\/image\/\",\"url\":\"https:\/\/rtd.radom.pl\/wp-content\/uploads\/2026\/01\/rtd_logo_tr.png\",\"contentUrl\":\"https:\/\/rtd.radom.pl\/wp-content\/uploads\/2026\/01\/rtd_logo_tr.png\",\"width\":545,\"height\":512,\"caption\":\"Radomskie Towarzystwo Dobroczynno\u015bci\"},\"image\":{\"@id\":\"https:\/\/rtd.radom.pl\/#\/schema\/logo\/image\/\"}}]}<\/script>\n<!-- \/ Yoast SEO plugin. -->","yoast_head_json":{"title":"AKTUALNO\u015aCI - Radomskie Towarzystwo Dobroczynno\u015bci","description":"Radomskie Towarzystwo Dobroczynno\u015bci, realizowane programy wsparcia, dzia\u0142ania dobroczynne, \u015bwietlica \u015brodowiskowa dla dzieci, wolontariat.","robots":{"index":"index","follow":"follow","max-snippet":"max-snippet:-1","max-image-preview":"max-image-preview:large","max-video-preview":"max-video-preview:-1"},"canonical":"https:\/\/rtd.radom.pl\/","og_locale":"pl_PL","og_type":"article","og_title":"AKTUALNO\u015aCI - Radomskie Towarzystwo Dobroczynno\u015bci","og_description":"Radomskie Towarzystwo Dobroczynno\u015bci, realizowane programy wsparcia, dzia\u0142ania dobroczynne, \u015bwietlica \u015brodowiskowa dla dzieci, wolontariat.","og_url":"https:\/\/rtd.radom.pl\/","og_site_name":"Radomskie Towarzystwo Dobroczynno\u015bci","article_modified_time":"2026-01-25T19:38:17+00:00","og_image":[{"width":1600,"height":896,"url":"https:\/\/rtd.radom.pl\/wp-content\/uploads\/2026\/01\/aktualnosci.jpg","type":"image\/jpeg"}],"twitter_card":"summary_large_image","twitter_misc":{"Szacowany czas czytania":"1 minuta"},"schema":{"@context":"https:\/\/schema.org","@graph":[{"@type":"WebPage","@id":"https:\/\/rtd.radom.pl\/","url":"https:\/\/rtd.radom.pl\/","name":"AKTUALNO\u015aCI - Radomskie Towarzystwo Dobroczynno\u015bci","isPartOf":{"@id":"https:\/\/rtd.radom.pl\/#website"},"primaryImageOfPage":{"@id":"https:\/\/rtd.radom.pl\/#primaryimage"},"image":{"@id":"https:\/\/rtd.radom.pl\/#primaryimage"},"thumbnailUrl":"https:\/\/rtd.radom.pl\/wp-content\/uploads\/2026\/01\/aktualnosci.jpg","datePublished":"2026-01-18T18:55:26+00:00","dateModified":"2026-01-25T19:38:17+00:00","description":"Radomskie Towarzystwo Dobroczynno\u015bci, realizowane programy wsparcia, dzia\u0142ania dobroczynne, \u015bwietlica \u015brodowiskowa dla dzieci, wolontariat.","breadcrumb":{"@id":"https:\/\/rtd.radom.pl\/#breadcrumb"},"inLanguage":"pl-PL","potentialAction":[{"@type":"ReadAction","target":["https:\/\/rtd.radom.pl\/"]}]},{"@type":"ImageObject","inLanguage":"pl-PL","@id":"https:\/\/rtd.radom.pl\/#primaryimage","url":"https:\/\/rtd.radom.pl\/wp-content\/uploads\/2026\/01\/aktualnosci.jpg","contentUrl":"https:\/\/rtd.radom.pl\/wp-content\/uploads\/2026\/01\/aktualnosci.jpg","width":1600,"height":896},{"@type":"BreadcrumbList","@id":"https:\/\/rtd.radom.pl\/#breadcrumb","itemListElement":[{"@type":"ListItem","position":1,"name":"Home","item":"https:\/\/rtd.radom.pl\/"},{"@type":"ListItem","position":2,"name":"AKTUALNO\u015aCI"}]},{"@type":"WebSite","@id":"https:\/\/rtd.radom.pl\/#website","url":"https:\/\/rtd.radom.pl\/","name":"Radomskie Towarzystwo Dobroczynno\u015bci","description":"Jeste\u015bmy Organizacj\u0105 Po\u017cytku Publicznego","publisher":{"@id":"https:\/\/rtd.radom.pl\/#organization"},"potentialAction":[{"@type":"SearchAction","target":{"@type":"EntryPoint","urlTemplate":"https:\/\/rtd.radom.pl\/?s={search_term_string}"},"query-input":{"@type":"PropertyValueSpecification","valueRequired":true,"valueName":"search_term_string"}}],"inLanguage":"pl-PL"},{"@type":"Organization","@id":"https:\/\/rtd.radom.pl\/#organization","name":"Radomskie Towarzystwo Dobroczynno\u015bci","url":"https:\/\/rtd.radom.pl\/","logo":{"@type":"ImageObject","inLanguage":"pl-PL","@id":"https:\/\/rtd.radom.pl\/#\/schema\/logo\/image\/","url":"https:\/\/rtd.radom.pl\/wp-content\/uploads\/2026\/01\/rtd_logo_tr.png","contentUrl":"https:\/\/rtd.radom.pl\/wp-content\/uploads\/2026\/01\/rtd_logo_tr.png","width":545,"height":512,"caption":"Radomskie Towarzystwo Dobroczynno\u015bci"},"image":{"@id":"https:\/\/rtd.radom.pl\/#\/schema\/logo\/image\/"}}]}},"_links":{"self":[{"href":"https:\/\/rtd.radom.pl\/index.php?rest_route=\/wp\/v2\/pages\/38","targetHints":{"allow":["GET"]}}],"collection":[{"href":"https:\/\/rtd.radom.pl\/index.php?rest_route=\/wp\/v2\/pages"}],"about":[{"href":"https:\/\/rtd.radom.pl\/index.php?rest_route=\/wp\/v2\/types\/page"}],"author":[{"embeddable":true,"href":"https:\/\/rtd.radom.pl\/index.php?rest_route=\/wp\/v2\/users\/1"}],"replies":[{"embeddable":true,"href":"https:\/\/rtd.radom.pl\/index.php?rest_route=%2Fwp%2Fv2%2Fcomments&post=38"}],"version-history":[{"count":9,"href":"https:\/\/rtd.radom.pl\/index.php?rest_route=\/wp\/v2\/pages\/38\/revisions"}],"predecessor-version":[{"id":356,"href":"https:\/\/rtd.radom.pl\/index.php?rest_route=\/wp\/v2\/pages\/38\/revisions\/356"}],"wp:featuredmedia":[{"embeddable":true,"href":"https:\/\/rtd.radom.pl\/index.php?rest_route=\/wp\/v2\/media\/162"}],"wp:attachment":[{"href":"https:\/\/rtd.radom.pl\/index.php?rest_route=%2Fwp%2Fv2%2Fmedia&parent=38"}],"curies":[{"name":"wp","href":"https:\/\/api.w.org\/{rel}","templated":true}]}}