{"id":33,"date":"2026-01-18T19:53:17","date_gmt":"2026-01-18T18:53:17","guid":{"rendered":"http:\/\/rtd.radom.pl\/?page_id=33"},"modified":"2026-01-21T15:40:02","modified_gmt":"2026-01-21T14:40:02","slug":"nzoz","status":"publish","type":"page","link":"https:\/\/rtd.radom.pl\/?page_id=33","title":{"rendered":"NZOZ"},"content":{"rendered":"\n<p>ODS\u0141UCHAJ<\/p>\n\n\n\n<figure class=\"wp-block-audio\"><audio controls src=\"https:\/\/rtd.radom.pl\/wp-content\/uploads\/2026\/01\/nzoz.mp3\"><\/audio><\/figure>\n\n\n\n<h2 class=\"wp-block-heading\">Piel\u0119gniarska opieka nad chorym&nbsp;w domu w Niepublicznym Zak\u0142adzie Opieki Zdrowotnej<\/h2>\n\n\n\n<p>26-600 RADOM, Czachowskiego 42<br>Kierownik Zak\u0142adu: mgr Anna Gryz-Turek<\/p>\n\n\n\n<p><strong>NZOZ \u015bwiadczy bezp\u0142atnie us\u0142ugi w zakresie:<\/strong><\/p>\n\n\n\n<ul class=\"wp-block-list\">\n<li>Piel\u0119gniarskiej opieki d\u0142ugoterminowej w domu chorego.<\/li>\n<\/ul>\n\n\n\n<h2 class=\"wp-block-heading\">Wszystkie us\u0142ugi \u015bwiadczone na podstawie umowy z NARODOWYM FUNDUSZEM ZDROWIA<\/h2>\n\n\n\n<p>Szczeg\u00f3\u0142owych informacji na temat: zasad funkcjonowania NZOZ, potrzebnej dokumentacji oraz wolnych miejsc, udzielamy pod numerem telefonu: <\/p>\n\n\n\n<p>(048) 384 78 76 lub +48 515 176 236,<\/p>\n\n\n\n<p>od poniedzia\u0142ku do pi\u0105tku w godz. 7.30 do 15.30 <\/p>\n\n\n\n<p>lub poczt\u0105 elektroniczn\u0105: <a href=\"mailto:nzoz@rtd.radom.pl\">nzoz@rtd.radom.pl<\/a><\/p>\n\n\n\n<p><strong>Poni\u017cej zamieszczamy dokumenty zwi\u0105zane z kwalifikacj\u0105 pacjenta:<\/strong><\/p>\n\n\n\n<p><strong>SKIEROWANIE DO OBJ\u0118CIA PIEL\u0118GNIARSK\u0104 OPIEK\u0104 D\u0141UGOTERMINOW\u0104 DOMOW\u0104<\/strong><\/p>\n\n\n\n<div data-wp-interactive=\"core\/file\" class=\"wp-block-file\"><object data-wp-bind--hidden=\"!state.hasPdfPreview\" hidden class=\"wp-block-file__embed\" data=\"http:\/\/rtd.radom.pl\/wp-content\/uploads\/2026\/01\/RTD_NZOZ_skierowanie.pdf\" type=\"application\/pdf\" style=\"width:100%;height:330px\" aria-label=\"Osadzone z RTD_NZOZ_skierowanie.\"><\/object><a id=\"wp-block-file--media-64b7e487-4f97-447f-bb90-3af2325633de\" href=\"http:\/\/rtd.radom.pl\/wp-content\/uploads\/2026\/01\/RTD_NZOZ_skierowanie.pdf\">RTD_NZOZ_skierowanie<\/a><a href=\"http:\/\/rtd.radom.pl\/wp-content\/uploads\/2026\/01\/RTD_NZOZ_skierowanie.pdf\" class=\"wp-block-file__button wp-element-button\" download aria-describedby=\"wp-block-file--media-64b7e487-4f97-447f-bb90-3af2325633de\">Pobierz<\/a><\/div>\n\n\n\n<p><strong>KARTA OCENY \u015aWIADCZENIOBIORCY KIEROWANEGO DO OBJ\u0118CIA PIEL\u0118GNIARSK\u0104 OPIEK\u0104 D\u0141UGOTERMINOW\u0104 DOMOW\u0104<\/strong><\/p>\n\n\n\n<p><strong> <\/strong><\/p>\n\n\n\n<div data-wp-interactive=\"core\/file\" class=\"wp-block-file\"><object data-wp-bind--hidden=\"!state.hasPdfPreview\" hidden class=\"wp-block-file__embed\" data=\"http:\/\/rtd.radom.pl\/wp-content\/uploads\/2026\/01\/Karta-Oceny-Swiadczeniobiorcy.pdf\" type=\"application\/pdf\" style=\"width:100%;height:340px\" aria-label=\"Osadzone z Karta Oceny \u015awiadczeniobiorcy.\"><\/object><a id=\"wp-block-file--media-8a9f554f-cd3b-44a0-b51c-7e59ae06d6bb\" href=\"http:\/\/rtd.radom.pl\/wp-content\/uploads\/2026\/01\/Karta-Oceny-Swiadczeniobiorcy.pdf\">Karta Oceny \u015awiadczeniobiorcy<\/a><a href=\"http:\/\/rtd.radom.pl\/wp-content\/uploads\/2026\/01\/Karta-Oceny-Swiadczeniobiorcy.pdf\" class=\"wp-block-file__button wp-element-button\" download aria-describedby=\"wp-block-file--media-8a9f554f-cd3b-44a0-b51c-7e59ae06d6bb\">Pobierz<\/a><\/div>\n\n\n\n<h2 class=\"wp-block-heading\">Prawa pacjenta <\/h2>\n\n\n\n<figure class=\"wp-block-image size-full\"><img fetchpriority=\"high\" decoding=\"async\" width=\"662\" height=\"937\" src=\"http:\/\/rtd.radom.pl\/wp-content\/uploads\/2026\/01\/Pacjent_ma_prawo.jpg\" alt=\"\" class=\"wp-image-135\" srcset=\"https:\/\/rtd.radom.pl\/wp-content\/uploads\/2026\/01\/Pacjent_ma_prawo.jpg 662w, https:\/\/rtd.radom.pl\/wp-content\/uploads\/2026\/01\/Pacjent_ma_prawo-212x300.jpg 212w\" sizes=\"(max-width: 662px) 100vw, 662px\" \/><\/figure>\n","protected":false},"excerpt":{"rendered":"<p>ODS\u0141UCHAJ Piel\u0119gniarska opieka nad chorym&nbsp;w domu w Niepublicznym Zak\u0142adzie Opieki Zdrowotnej 26-600 RADOM, Czachowskiego 42Kierownik Zak\u0142adu: mgr Anna Gryz-Turek NZOZ \u015bwiadczy bezp\u0142atnie us\u0142ugi w zakresie: Wszystkie us\u0142ugi \u015bwiadczone na podstawie umowy z NARODOWYM FUNDUSZEM ZDROWIA Szczeg\u00f3\u0142owych informacji na temat: zasad funkcjonowania NZOZ, potrzebnej dokumentacji oraz wolnych miejsc, udzielamy pod numerem telefonu: (048) 384 78 76 [&hellip;]<\/p>\n","protected":false},"author":1,"featured_media":133,"parent":0,"menu_order":0,"comment_status":"closed","ping_status":"closed","template":"","meta":{"footnotes":""},"class_list":["post-33","page","type-page","status-publish","has-post-thumbnail","hentry"],"yoast_head":"<!-- This site is optimized with the Yoast SEO plugin v26.7 - https:\/\/yoast.com\/wordpress\/plugins\/seo\/ -->\n<title>NZOZ - Radomskie Towarzystwo Dobroczynno\u015bci<\/title>\n<meta name=\"description\" content=\"Radomskie Towarzystwo Dobroczynno\u015bci prowadzi Niepubliczny Zak\u0142ad Opieki Zdrowotnej. Zapoznaj si\u0119 z jego dzia\u0142aniem. Pobierz dokumenty.\" \/>\n<meta name=\"robots\" content=\"index, follow, max-snippet:-1, max-image-preview:large, max-video-preview:-1\" \/>\n<link rel=\"canonical\" href=\"https:\/\/rtd.radom.pl\/?page_id=33\" \/>\n<meta property=\"og:locale\" content=\"pl_PL\" \/>\n<meta property=\"og:type\" content=\"article\" \/>\n<meta property=\"og:title\" content=\"NZOZ - Radomskie Towarzystwo Dobroczynno\u015bci\" \/>\n<meta property=\"og:description\" content=\"Radomskie Towarzystwo Dobroczynno\u015bci prowadzi Niepubliczny Zak\u0142ad Opieki Zdrowotnej. Zapoznaj si\u0119 z jego dzia\u0142aniem. Pobierz dokumenty.\" \/>\n<meta property=\"og:url\" content=\"https:\/\/rtd.radom.pl\/?page_id=33\" \/>\n<meta property=\"og:site_name\" content=\"Radomskie Towarzystwo Dobroczynno\u015bci\" \/>\n<meta property=\"article:modified_time\" content=\"2026-01-21T14:40:02+00:00\" \/>\n<meta property=\"og:image\" content=\"https:\/\/rtd.radom.pl\/wp-content\/uploads\/2026\/01\/pielegniarka.jpg\" \/>\n\t<meta property=\"og:image:width\" content=\"1600\" \/>\n\t<meta property=\"og:image:height\" content=\"896\" \/>\n\t<meta property=\"og:image:type\" content=\"image\/jpeg\" \/>\n<meta name=\"twitter:card\" content=\"summary_large_image\" \/>\n<meta name=\"twitter:label1\" content=\"Szacowany czas czytania\" \/>\n\t<meta name=\"twitter:data1\" content=\"2 minuty\" \/>\n<script type=\"application\/ld+json\" class=\"yoast-schema-graph\">{\"@context\":\"https:\/\/schema.org\",\"@graph\":[{\"@type\":\"WebPage\",\"@id\":\"https:\/\/rtd.radom.pl\/?page_id=33\",\"url\":\"https:\/\/rtd.radom.pl\/?page_id=33\",\"name\":\"NZOZ - Radomskie Towarzystwo Dobroczynno\u015bci\",\"isPartOf\":{\"@id\":\"https:\/\/rtd.radom.pl\/#website\"},\"primaryImageOfPage\":{\"@id\":\"https:\/\/rtd.radom.pl\/?page_id=33#primaryimage\"},\"image\":{\"@id\":\"https:\/\/rtd.radom.pl\/?page_id=33#primaryimage\"},\"thumbnailUrl\":\"https:\/\/rtd.radom.pl\/wp-content\/uploads\/2026\/01\/pielegniarka.jpg\",\"datePublished\":\"2026-01-18T18:53:17+00:00\",\"dateModified\":\"2026-01-21T14:40:02+00:00\",\"description\":\"Radomskie Towarzystwo Dobroczynno\u015bci prowadzi Niepubliczny Zak\u0142ad Opieki Zdrowotnej. Zapoznaj si\u0119 z jego dzia\u0142aniem. Pobierz dokumenty.\",\"breadcrumb\":{\"@id\":\"https:\/\/rtd.radom.pl\/?page_id=33#breadcrumb\"},\"inLanguage\":\"pl-PL\",\"potentialAction\":[{\"@type\":\"ReadAction\",\"target\":[\"https:\/\/rtd.radom.pl\/?page_id=33\"]}]},{\"@type\":\"ImageObject\",\"inLanguage\":\"pl-PL\",\"@id\":\"https:\/\/rtd.radom.pl\/?page_id=33#primaryimage\",\"url\":\"https:\/\/rtd.radom.pl\/wp-content\/uploads\/2026\/01\/pielegniarka.jpg\",\"contentUrl\":\"https:\/\/rtd.radom.pl\/wp-content\/uploads\/2026\/01\/pielegniarka.jpg\",\"width\":1600,\"height\":896},{\"@type\":\"BreadcrumbList\",\"@id\":\"https:\/\/rtd.radom.pl\/?page_id=33#breadcrumb\",\"itemListElement\":[{\"@type\":\"ListItem\",\"position\":1,\"name\":\"Home\",\"item\":\"https:\/\/rtd.radom.pl\/\"},{\"@type\":\"ListItem\",\"position\":2,\"name\":\"NZOZ\"}]},{\"@type\":\"WebSite\",\"@id\":\"https:\/\/rtd.radom.pl\/#website\",\"url\":\"https:\/\/rtd.radom.pl\/\",\"name\":\"Radomskie Towarzystwo Dobroczynno\u015bci\",\"description\":\"Jeste\u015bmy Organizacj\u0105 Po\u017cytku Publicznego\",\"publisher\":{\"@id\":\"https:\/\/rtd.radom.pl\/#organization\"},\"potentialAction\":[{\"@type\":\"SearchAction\",\"target\":{\"@type\":\"EntryPoint\",\"urlTemplate\":\"https:\/\/rtd.radom.pl\/?s={search_term_string}\"},\"query-input\":{\"@type\":\"PropertyValueSpecification\",\"valueRequired\":true,\"valueName\":\"search_term_string\"}}],\"inLanguage\":\"pl-PL\"},{\"@type\":\"Organization\",\"@id\":\"https:\/\/rtd.radom.pl\/#organization\",\"name\":\"Radomskie Towarzystwo Dobroczynno\u015bci\",\"url\":\"https:\/\/rtd.radom.pl\/\",\"logo\":{\"@type\":\"ImageObject\",\"inLanguage\":\"pl-PL\",\"@id\":\"https:\/\/rtd.radom.pl\/#\/schema\/logo\/image\/\",\"url\":\"https:\/\/rtd.radom.pl\/wp-content\/uploads\/2026\/01\/rtd_logo_tr.png\",\"contentUrl\":\"https:\/\/rtd.radom.pl\/wp-content\/uploads\/2026\/01\/rtd_logo_tr.png\",\"width\":545,\"height\":512,\"caption\":\"Radomskie Towarzystwo Dobroczynno\u015bci\"},\"image\":{\"@id\":\"https:\/\/rtd.radom.pl\/#\/schema\/logo\/image\/\"}}]}<\/script>\n<!-- \/ Yoast SEO plugin. -->","yoast_head_json":{"title":"NZOZ - Radomskie Towarzystwo Dobroczynno\u015bci","description":"Radomskie Towarzystwo Dobroczynno\u015bci prowadzi Niepubliczny Zak\u0142ad Opieki Zdrowotnej. Zapoznaj si\u0119 z jego dzia\u0142aniem. Pobierz dokumenty.","robots":{"index":"index","follow":"follow","max-snippet":"max-snippet:-1","max-image-preview":"max-image-preview:large","max-video-preview":"max-video-preview:-1"},"canonical":"https:\/\/rtd.radom.pl\/?page_id=33","og_locale":"pl_PL","og_type":"article","og_title":"NZOZ - Radomskie Towarzystwo Dobroczynno\u015bci","og_description":"Radomskie Towarzystwo Dobroczynno\u015bci prowadzi Niepubliczny Zak\u0142ad Opieki Zdrowotnej. Zapoznaj si\u0119 z jego dzia\u0142aniem. Pobierz dokumenty.","og_url":"https:\/\/rtd.radom.pl\/?page_id=33","og_site_name":"Radomskie Towarzystwo Dobroczynno\u015bci","article_modified_time":"2026-01-21T14:40:02+00:00","og_image":[{"width":1600,"height":896,"url":"https:\/\/rtd.radom.pl\/wp-content\/uploads\/2026\/01\/pielegniarka.jpg","type":"image\/jpeg"}],"twitter_card":"summary_large_image","twitter_misc":{"Szacowany czas czytania":"2 minuty"},"schema":{"@context":"https:\/\/schema.org","@graph":[{"@type":"WebPage","@id":"https:\/\/rtd.radom.pl\/?page_id=33","url":"https:\/\/rtd.radom.pl\/?page_id=33","name":"NZOZ - Radomskie Towarzystwo Dobroczynno\u015bci","isPartOf":{"@id":"https:\/\/rtd.radom.pl\/#website"},"primaryImageOfPage":{"@id":"https:\/\/rtd.radom.pl\/?page_id=33#primaryimage"},"image":{"@id":"https:\/\/rtd.radom.pl\/?page_id=33#primaryimage"},"thumbnailUrl":"https:\/\/rtd.radom.pl\/wp-content\/uploads\/2026\/01\/pielegniarka.jpg","datePublished":"2026-01-18T18:53:17+00:00","dateModified":"2026-01-21T14:40:02+00:00","description":"Radomskie Towarzystwo Dobroczynno\u015bci prowadzi Niepubliczny Zak\u0142ad Opieki Zdrowotnej. Zapoznaj si\u0119 z jego dzia\u0142aniem. Pobierz dokumenty.","breadcrumb":{"@id":"https:\/\/rtd.radom.pl\/?page_id=33#breadcrumb"},"inLanguage":"pl-PL","potentialAction":[{"@type":"ReadAction","target":["https:\/\/rtd.radom.pl\/?page_id=33"]}]},{"@type":"ImageObject","inLanguage":"pl-PL","@id":"https:\/\/rtd.radom.pl\/?page_id=33#primaryimage","url":"https:\/\/rtd.radom.pl\/wp-content\/uploads\/2026\/01\/pielegniarka.jpg","contentUrl":"https:\/\/rtd.radom.pl\/wp-content\/uploads\/2026\/01\/pielegniarka.jpg","width":1600,"height":896},{"@type":"BreadcrumbList","@id":"https:\/\/rtd.radom.pl\/?page_id=33#breadcrumb","itemListElement":[{"@type":"ListItem","position":1,"name":"Home","item":"https:\/\/rtd.radom.pl\/"},{"@type":"ListItem","position":2,"name":"NZOZ"}]},{"@type":"WebSite","@id":"https:\/\/rtd.radom.pl\/#website","url":"https:\/\/rtd.radom.pl\/","name":"Radomskie Towarzystwo Dobroczynno\u015bci","description":"Jeste\u015bmy Organizacj\u0105 Po\u017cytku Publicznego","publisher":{"@id":"https:\/\/rtd.radom.pl\/#organization"},"potentialAction":[{"@type":"SearchAction","target":{"@type":"EntryPoint","urlTemplate":"https:\/\/rtd.radom.pl\/?s={search_term_string}"},"query-input":{"@type":"PropertyValueSpecification","valueRequired":true,"valueName":"search_term_string"}}],"inLanguage":"pl-PL"},{"@type":"Organization","@id":"https:\/\/rtd.radom.pl\/#organization","name":"Radomskie Towarzystwo Dobroczynno\u015bci","url":"https:\/\/rtd.radom.pl\/","logo":{"@type":"ImageObject","inLanguage":"pl-PL","@id":"https:\/\/rtd.radom.pl\/#\/schema\/logo\/image\/","url":"https:\/\/rtd.radom.pl\/wp-content\/uploads\/2026\/01\/rtd_logo_tr.png","contentUrl":"https:\/\/rtd.radom.pl\/wp-content\/uploads\/2026\/01\/rtd_logo_tr.png","width":545,"height":512,"caption":"Radomskie Towarzystwo Dobroczynno\u015bci"},"image":{"@id":"https:\/\/rtd.radom.pl\/#\/schema\/logo\/image\/"}}]}},"_links":{"self":[{"href":"https:\/\/rtd.radom.pl\/index.php?rest_route=\/wp\/v2\/pages\/33","targetHints":{"allow":["GET"]}}],"collection":[{"href":"https:\/\/rtd.radom.pl\/index.php?rest_route=\/wp\/v2\/pages"}],"about":[{"href":"https:\/\/rtd.radom.pl\/index.php?rest_route=\/wp\/v2\/types\/page"}],"author":[{"embeddable":true,"href":"https:\/\/rtd.radom.pl\/index.php?rest_route=\/wp\/v2\/users\/1"}],"replies":[{"embeddable":true,"href":"https:\/\/rtd.radom.pl\/index.php?rest_route=%2Fwp%2Fv2%2Fcomments&post=33"}],"version-history":[{"count":5,"href":"https:\/\/rtd.radom.pl\/index.php?rest_route=\/wp\/v2\/pages\/33\/revisions"}],"predecessor-version":[{"id":269,"href":"https:\/\/rtd.radom.pl\/index.php?rest_route=\/wp\/v2\/pages\/33\/revisions\/269"}],"wp:featuredmedia":[{"embeddable":true,"href":"https:\/\/rtd.radom.pl\/index.php?rest_route=\/wp\/v2\/media\/133"}],"wp:attachment":[{"href":"https:\/\/rtd.radom.pl\/index.php?rest_route=%2Fwp%2Fv2%2Fmedia&parent=33"}],"curies":[{"name":"wp","href":"https:\/\/api.w.org\/{rel}","templated":true}]}}