{"id":3,"date":"2026-01-18T18:12:51","date_gmt":"2026-01-18T17:12:51","guid":{"rendered":"http:\/\/rtd.radom.pl\/?page_id=3"},"modified":"2026-01-22T13:51:15","modified_gmt":"2026-01-22T12:51:15","slug":"polityka-prywatnosci","status":"publish","type":"page","link":"https:\/\/rtd.radom.pl\/?page_id=3","title":{"rendered":"Polityka prywatno\u015bci"},"content":{"rendered":"\n<p><\/p>\n\n\n\n<p>Administratorem Pa\u0144stwa danych jest <strong>Radomskie Towarzystwo Dobroczynno\u015bci<\/strong> z siedzib\u0105 w Radomiu (26-600), ul. Czachowskiego 42, NIP: 9482086038 KRS 0000022836<\/p>\n\n\n\n<p>Z Administratorem mo\u017cesz skontaktowa\u0107 si\u0119 pisemnie na wskazany powy\u017cej adres lub poczt\u0105 elektroniczn\u0105 biuro@rtd.radom.pl <\/p>\n\n\n\n<p>Zakres przetwarzanych danych obejmuje adres IP, typ wykorzystywanej przegl\u0105darki, j\u0119zyk, rodzaj systemu operacyjnego, dostawc\u0119 us\u0142ug internetowych, informacje o czasie i dacie, lokalizacji oraz informacje przesy\u0142anych do witryny za po\u015brednictwem formularza kontaktowego.<\/p>\n\n\n\n<p>Dane s\u0105 przetwarzane na podstawie udzielonej zgody zgodnie z powszechnie obowi\u0105zuj\u0105cymi przepisami w zakresie RODO.<\/p>\n\n\n\n<h2 class=\"wp-block-heading\">Dane s\u0105 wykorzystywane w celu:<\/h2>\n\n\n\n<ol class=\"wp-block-list\">\n<li>konfiguracji strony internetowej,<\/li>\n\n\n\n<li>zapewnienia bezpiecze\u0144stwa i niezawodno\u015bci strony internetowej,<\/li>\n\n\n\n<li>okre\u015blenia stanu sesji w celu ustalenia zachowa\u0144 u\u017cytkownik\u00f3w na stronie internetowej,<\/li>\n\n\n\n<li>realizacji poszczeg\u00f3lnych proces\u00f3w na stronie internetowej,<\/li>\n\n\n\n<li>okre\u015blenia lokalizacji u\u017cytkownik\u00f3w,<\/li>\n\n\n\n<li>analizy, badania i audyt ogl\u0105dalno\u015bci w celu ustalenia preferencji u\u017cytkownik\u00f3w.&nbsp;<\/li>\n<\/ol>\n\n\n\n<h2 class=\"wp-block-heading\">Dane s\u0105 pozyskiwane poprzez:<\/h2>\n\n\n\n<ol class=\"wp-block-list\">\n<li>dobrowolne podanie informacji w formularzach na stronie internetowej przez u\u017cytkownika,<\/li>\n\n\n\n<li>automatyczne gromadzenie plik\u00f3w cookies.<\/li>\n<\/ol>\n\n\n\n<p>Podanie danych jest dobrowolne, ze wyj\u0105tkiem danych niezb\u0119dnych do funkcjonowania strony internetowej.<\/p>\n\n\n\n<p>Dane mog\u0105 by\u0107 przetwarzane z wykorzystaniem narz\u0119dzi analitycznych i marketingowych takich jak Google Analitics, Google Tag Manager, Facebook. W takim przypadku dost\u0119p do danych mog\u0105 uzyska\u0107 podmioty udost\u0119pniaj\u0105ce wskazane narz\u0119dzia.<\/p>\n\n\n\n<p>Cz\u0119\u015b\u0107 informacji przechowywanych przez pliki cookies, zw\u0142aszcza w po\u0142\u0105czeniu z innymi informacjami o u\u017cytkowniku strony internetowej, mo\u017ce by\u0107 traktowana jako dane osobowe. Dane osobowe gromadzone przy u\u017cyciu plik\u00f3w cookies mog\u0105 by\u0107 przetwarzane wy\u0142\u0105cznie w celu wykonywania okre\u015blonych funkcji na rzecz u\u017cytkownika, opisanych wcze\u015bniej. Takie dane s\u0105 zaszyfrowane w spos\u00f3b uniemo\u017cliwiaj\u0105cy dost\u0119p do nich osobom nieuprawnionym.<\/p>\n\n\n\n<p>Dane b\u0119d\u0105 przechowywane do czasu cofni\u0119cia zgody na ich przetwarzanie lub w przypadku danych analitycznych nie d\u0142u\u017cej ni\u017c przez okres 3 lat od daty ich wprowadzenia.<\/p>\n\n\n\n<p>Zgoda mo\u017ce by\u0107 cofni\u0119ta w ka\u017cdym czasie, a jej cofni\u0119cie pozostaje bez wp\u0142ywu na przetwarzanie pomi\u0119dzy wyra\u017ceniem zgody a jej cofni\u0119ciem. Zgodami na wykorzystywanie plik\u00f3w cookie mo\u017cna zarz\u0105dza\u0107 za po\u015brednictwem ustawie\u0144 prywatno\u015bci na stronie lub za pomoc\u0105 swojej przegl\u0105darki internetowej.<\/p>\n\n\n\n<p>Oprogramowanie s\u0142u\u017c\u0105ce do przegl\u0105dania stron internetowych zazwyczaj domy\u015blnie dopuszcza umieszczanie plik\u00f3w cookies na urz\u0105dzeniu ko\u0144cowym. Ustawienia te mog\u0105 zosta\u0107 zmienione w taki spos\u00f3b, aby blokowa\u0107 automatyczn\u0105 obs\u0142ug\u0119 plik\u00f3w cookies w ustawieniach przegl\u0105darki internetowej b\u0105d\u017a informowa\u0107 o ich ka\u017cdorazowym przes\u0142aniu na urz\u0105dzenie u\u017cytkownika. U\u017cytkownik w dokumentacji wykorzystywanej przegl\u0105darki w tym w szczeg\u00f3lno\u015bci w sekcji POMOC mo\u017ce uzyska\u0107 niezb\u0119dn\u0105 wiedz\u0119 na temat udost\u0119pniania lub wy\u0142\u0105czenia udost\u0119pniania informacji plikom cookies. Ograniczenie stosowania plik\u00f3w cookies, mo\u017ce wp\u0142yn\u0105\u0107 na niekt\u00f3re funkcjonalno\u015bci dost\u0119pne na stronie internetowej.<\/p>\n\n\n\n<p><\/p>\n\n\n\n<p><\/p>\n","protected":false},"excerpt":{"rendered":"<p>Administratorem Pa\u0144stwa danych jest Radomskie Towarzystwo Dobroczynno\u015bci z siedzib\u0105 w Radomiu (26-600), ul. Czachowskiego 42, NIP: 9482086038 KRS 0000022836 Z Administratorem mo\u017cesz skontaktowa\u0107 si\u0119 pisemnie na wskazany powy\u017cej adres lub poczt\u0105 elektroniczn\u0105 biuro@rtd.radom.pl Zakres przetwarzanych danych obejmuje adres IP, typ wykorzystywanej przegl\u0105darki, j\u0119zyk, rodzaj systemu operacyjnego, dostawc\u0119 us\u0142ug internetowych, informacje o czasie i dacie, lokalizacji [&hellip;]<\/p>\n","protected":false},"author":1,"featured_media":175,"parent":0,"menu_order":0,"comment_status":"closed","ping_status":"open","template":"","meta":{"footnotes":""},"class_list":["post-3","page","type-page","status-publish","has-post-thumbnail","hentry"],"yoast_head":"<!-- This site is optimized with the Yoast SEO plugin v26.7 - https:\/\/yoast.com\/wordpress\/plugins\/seo\/ -->\n<title>Polityka prywatno\u015bci - Radomskie Towarzystwo Dobroczynno\u015bci<\/title>\n<meta name=\"description\" content=\"Polityka prywatno\u015bci na stronie Radomskiego Towarzystwa Dobroczynno\u015bci\" \/>\n<meta name=\"robots\" content=\"index, follow, max-snippet:-1, max-image-preview:large, max-video-preview:-1\" \/>\n<link rel=\"canonical\" href=\"https:\/\/rtd.radom.pl\/?page_id=3\" \/>\n<meta property=\"og:locale\" content=\"pl_PL\" \/>\n<meta property=\"og:type\" content=\"article\" \/>\n<meta property=\"og:title\" content=\"Polityka prywatno\u015bci - Radomskie Towarzystwo Dobroczynno\u015bci\" \/>\n<meta property=\"og:description\" content=\"Polityka prywatno\u015bci na stronie Radomskiego Towarzystwa Dobroczynno\u015bci\" \/>\n<meta property=\"og:url\" content=\"https:\/\/rtd.radom.pl\/?page_id=3\" \/>\n<meta property=\"og:site_name\" content=\"Radomskie Towarzystwo Dobroczynno\u015bci\" \/>\n<meta property=\"article:modified_time\" content=\"2026-01-22T12:51:15+00:00\" \/>\n<meta property=\"og:image\" content=\"https:\/\/rtd.radom.pl\/wp-content\/uploads\/2026\/01\/dokumenty.jpg\" \/>\n\t<meta property=\"og:image:width\" content=\"1600\" \/>\n\t<meta property=\"og:image:height\" content=\"896\" \/>\n\t<meta property=\"og:image:type\" content=\"image\/jpeg\" \/>\n<meta name=\"twitter:card\" content=\"summary_large_image\" \/>\n<meta name=\"twitter:label1\" content=\"Szacowany czas czytania\" \/>\n\t<meta name=\"twitter:data1\" content=\"3 minuty\" \/>\n<script type=\"application\/ld+json\" class=\"yoast-schema-graph\">{\"@context\":\"https:\/\/schema.org\",\"@graph\":[{\"@type\":\"WebPage\",\"@id\":\"https:\/\/rtd.radom.pl\/?page_id=3\",\"url\":\"https:\/\/rtd.radom.pl\/?page_id=3\",\"name\":\"Polityka prywatno\u015bci - Radomskie Towarzystwo Dobroczynno\u015bci\",\"isPartOf\":{\"@id\":\"https:\/\/rtd.radom.pl\/#website\"},\"primaryImageOfPage\":{\"@id\":\"https:\/\/rtd.radom.pl\/?page_id=3#primaryimage\"},\"image\":{\"@id\":\"https:\/\/rtd.radom.pl\/?page_id=3#primaryimage\"},\"thumbnailUrl\":\"https:\/\/rtd.radom.pl\/wp-content\/uploads\/2026\/01\/dokumenty.jpg\",\"datePublished\":\"2026-01-18T17:12:51+00:00\",\"dateModified\":\"2026-01-22T12:51:15+00:00\",\"description\":\"Polityka prywatno\u015bci na stronie Radomskiego Towarzystwa Dobroczynno\u015bci\",\"breadcrumb\":{\"@id\":\"https:\/\/rtd.radom.pl\/?page_id=3#breadcrumb\"},\"inLanguage\":\"pl-PL\",\"potentialAction\":[{\"@type\":\"ReadAction\",\"target\":[\"https:\/\/rtd.radom.pl\/?page_id=3\"]}]},{\"@type\":\"ImageObject\",\"inLanguage\":\"pl-PL\",\"@id\":\"https:\/\/rtd.radom.pl\/?page_id=3#primaryimage\",\"url\":\"https:\/\/rtd.radom.pl\/wp-content\/uploads\/2026\/01\/dokumenty.jpg\",\"contentUrl\":\"https:\/\/rtd.radom.pl\/wp-content\/uploads\/2026\/01\/dokumenty.jpg\",\"width\":1600,\"height\":896},{\"@type\":\"BreadcrumbList\",\"@id\":\"https:\/\/rtd.radom.pl\/?page_id=3#breadcrumb\",\"itemListElement\":[{\"@type\":\"ListItem\",\"position\":1,\"name\":\"Home\",\"item\":\"https:\/\/rtd.radom.pl\/\"},{\"@type\":\"ListItem\",\"position\":2,\"name\":\"Polityka prywatno\u015bci\"}]},{\"@type\":\"WebSite\",\"@id\":\"https:\/\/rtd.radom.pl\/#website\",\"url\":\"https:\/\/rtd.radom.pl\/\",\"name\":\"Radomskie Towarzystwo Dobroczynno\u015bci\",\"description\":\"Jeste\u015bmy Organizacj\u0105 Po\u017cytku Publicznego\",\"publisher\":{\"@id\":\"https:\/\/rtd.radom.pl\/#organization\"},\"potentialAction\":[{\"@type\":\"SearchAction\",\"target\":{\"@type\":\"EntryPoint\",\"urlTemplate\":\"https:\/\/rtd.radom.pl\/?s={search_term_string}\"},\"query-input\":{\"@type\":\"PropertyValueSpecification\",\"valueRequired\":true,\"valueName\":\"search_term_string\"}}],\"inLanguage\":\"pl-PL\"},{\"@type\":\"Organization\",\"@id\":\"https:\/\/rtd.radom.pl\/#organization\",\"name\":\"Radomskie Towarzystwo Dobroczynno\u015bci\",\"url\":\"https:\/\/rtd.radom.pl\/\",\"logo\":{\"@type\":\"ImageObject\",\"inLanguage\":\"pl-PL\",\"@id\":\"https:\/\/rtd.radom.pl\/#\/schema\/logo\/image\/\",\"url\":\"https:\/\/rtd.radom.pl\/wp-content\/uploads\/2026\/01\/rtd_logo_tr.png\",\"contentUrl\":\"https:\/\/rtd.radom.pl\/wp-content\/uploads\/2026\/01\/rtd_logo_tr.png\",\"width\":545,\"height\":512,\"caption\":\"Radomskie Towarzystwo Dobroczynno\u015bci\"},\"image\":{\"@id\":\"https:\/\/rtd.radom.pl\/#\/schema\/logo\/image\/\"}}]}<\/script>\n<!-- \/ Yoast SEO plugin. -->","yoast_head_json":{"title":"Polityka prywatno\u015bci - Radomskie Towarzystwo Dobroczynno\u015bci","description":"Polityka prywatno\u015bci na stronie Radomskiego Towarzystwa Dobroczynno\u015bci","robots":{"index":"index","follow":"follow","max-snippet":"max-snippet:-1","max-image-preview":"max-image-preview:large","max-video-preview":"max-video-preview:-1"},"canonical":"https:\/\/rtd.radom.pl\/?page_id=3","og_locale":"pl_PL","og_type":"article","og_title":"Polityka prywatno\u015bci - Radomskie Towarzystwo Dobroczynno\u015bci","og_description":"Polityka prywatno\u015bci na stronie Radomskiego Towarzystwa Dobroczynno\u015bci","og_url":"https:\/\/rtd.radom.pl\/?page_id=3","og_site_name":"Radomskie Towarzystwo Dobroczynno\u015bci","article_modified_time":"2026-01-22T12:51:15+00:00","og_image":[{"width":1600,"height":896,"url":"https:\/\/rtd.radom.pl\/wp-content\/uploads\/2026\/01\/dokumenty.jpg","type":"image\/jpeg"}],"twitter_card":"summary_large_image","twitter_misc":{"Szacowany czas czytania":"3 minuty"},"schema":{"@context":"https:\/\/schema.org","@graph":[{"@type":"WebPage","@id":"https:\/\/rtd.radom.pl\/?page_id=3","url":"https:\/\/rtd.radom.pl\/?page_id=3","name":"Polityka prywatno\u015bci - Radomskie Towarzystwo Dobroczynno\u015bci","isPartOf":{"@id":"https:\/\/rtd.radom.pl\/#website"},"primaryImageOfPage":{"@id":"https:\/\/rtd.radom.pl\/?page_id=3#primaryimage"},"image":{"@id":"https:\/\/rtd.radom.pl\/?page_id=3#primaryimage"},"thumbnailUrl":"https:\/\/rtd.radom.pl\/wp-content\/uploads\/2026\/01\/dokumenty.jpg","datePublished":"2026-01-18T17:12:51+00:00","dateModified":"2026-01-22T12:51:15+00:00","description":"Polityka prywatno\u015bci na stronie Radomskiego Towarzystwa Dobroczynno\u015bci","breadcrumb":{"@id":"https:\/\/rtd.radom.pl\/?page_id=3#breadcrumb"},"inLanguage":"pl-PL","potentialAction":[{"@type":"ReadAction","target":["https:\/\/rtd.radom.pl\/?page_id=3"]}]},{"@type":"ImageObject","inLanguage":"pl-PL","@id":"https:\/\/rtd.radom.pl\/?page_id=3#primaryimage","url":"https:\/\/rtd.radom.pl\/wp-content\/uploads\/2026\/01\/dokumenty.jpg","contentUrl":"https:\/\/rtd.radom.pl\/wp-content\/uploads\/2026\/01\/dokumenty.jpg","width":1600,"height":896},{"@type":"BreadcrumbList","@id":"https:\/\/rtd.radom.pl\/?page_id=3#breadcrumb","itemListElement":[{"@type":"ListItem","position":1,"name":"Home","item":"https:\/\/rtd.radom.pl\/"},{"@type":"ListItem","position":2,"name":"Polityka prywatno\u015bci"}]},{"@type":"WebSite","@id":"https:\/\/rtd.radom.pl\/#website","url":"https:\/\/rtd.radom.pl\/","name":"Radomskie Towarzystwo Dobroczynno\u015bci","description":"Jeste\u015bmy Organizacj\u0105 Po\u017cytku Publicznego","publisher":{"@id":"https:\/\/rtd.radom.pl\/#organization"},"potentialAction":[{"@type":"SearchAction","target":{"@type":"EntryPoint","urlTemplate":"https:\/\/rtd.radom.pl\/?s={search_term_string}"},"query-input":{"@type":"PropertyValueSpecification","valueRequired":true,"valueName":"search_term_string"}}],"inLanguage":"pl-PL"},{"@type":"Organization","@id":"https:\/\/rtd.radom.pl\/#organization","name":"Radomskie Towarzystwo Dobroczynno\u015bci","url":"https:\/\/rtd.radom.pl\/","logo":{"@type":"ImageObject","inLanguage":"pl-PL","@id":"https:\/\/rtd.radom.pl\/#\/schema\/logo\/image\/","url":"https:\/\/rtd.radom.pl\/wp-content\/uploads\/2026\/01\/rtd_logo_tr.png","contentUrl":"https:\/\/rtd.radom.pl\/wp-content\/uploads\/2026\/01\/rtd_logo_tr.png","width":545,"height":512,"caption":"Radomskie Towarzystwo Dobroczynno\u015bci"},"image":{"@id":"https:\/\/rtd.radom.pl\/#\/schema\/logo\/image\/"}}]}},"_links":{"self":[{"href":"https:\/\/rtd.radom.pl\/index.php?rest_route=\/wp\/v2\/pages\/3","targetHints":{"allow":["GET"]}}],"collection":[{"href":"https:\/\/rtd.radom.pl\/index.php?rest_route=\/wp\/v2\/pages"}],"about":[{"href":"https:\/\/rtd.radom.pl\/index.php?rest_route=\/wp\/v2\/types\/page"}],"author":[{"embeddable":true,"href":"https:\/\/rtd.radom.pl\/index.php?rest_route=\/wp\/v2\/users\/1"}],"replies":[{"embeddable":true,"href":"https:\/\/rtd.radom.pl\/index.php?rest_route=%2Fwp%2Fv2%2Fcomments&post=3"}],"version-history":[{"count":3,"href":"https:\/\/rtd.radom.pl\/index.php?rest_route=\/wp\/v2\/pages\/3\/revisions"}],"predecessor-version":[{"id":280,"href":"https:\/\/rtd.radom.pl\/index.php?rest_route=\/wp\/v2\/pages\/3\/revisions\/280"}],"wp:featuredmedia":[{"embeddable":true,"href":"https:\/\/rtd.radom.pl\/index.php?rest_route=\/wp\/v2\/media\/175"}],"wp:attachment":[{"href":"https:\/\/rtd.radom.pl\/index.php?rest_route=%2Fwp%2Fv2%2Fmedia&parent=3"}],"curies":[{"name":"wp","href":"https:\/\/api.w.org\/{rel}","templated":true}]}}