{"id":177,"date":"2026-01-19T02:22:13","date_gmt":"2026-01-19T01:22:13","guid":{"rendered":"http:\/\/rtd.radom.pl\/?page_id=177"},"modified":"2026-01-21T00:06:04","modified_gmt":"2026-01-20T23:06:04","slug":"rodo","status":"publish","type":"page","link":"https:\/\/rtd.radom.pl\/?page_id=177","title":{"rendered":"RODO-NZOZ"},"content":{"rendered":"\n<h2 class=\"wp-block-heading\">Klauzula informacyjna Dotycz\u0105ca Przetwarzania danych osobowych w Radomskim Towarzystwie Dobroczynno\u015bci.<\/h2>\n\n\n\n<p>US\u0141UGI MEDYCZNE &#8211; NZOZ<\/p>\n\n\n\n<p>Zgodnie z art. 13 ust 1 i ust 2 rozporz\u0105dzenia Parlamentu Europejskiego i Rady (UE) 2016\/678 z dnia 27 kwietnia 2016 r. w sprawie ochrony os\u00f3b fizycznych w zwi\u0105zku z przetwarzaniem danych osobowych i w sprawie swobodnego przep\u0142ywu takich danych oraz uchylenia dyrektywy 95\/46\/E (Og\u00f3lne rozporz\u0105dzenie o ochronie danych, informujemy, \u017ce:<\/p>\n\n\n\n<p><strong>I. ADMINISTRATOR DANYCH<\/strong><\/p>\n\n\n\n<p>Administratorem danych osobowych jest Radomskie Towarzystwo Dobroczynno\u015bci, 26-600 Radom, ul. Czachowskiego 42, NIP 9482086038, KRS 0000022836<\/p>\n\n\n\n<p><strong>II. DANE KONTAKTOWE ADMINISTRATORA DANYCH OSOBOWYCH ORAZ INSPEKTORA OCHRONY DANYCH<\/strong><\/p>\n\n\n\n<p>Kontakt do Administratora Danych Osobowych:<\/p>\n\n\n\n<p>Z Administratorem Danych Osobowych mo\u017cna si kontaktowa\u0107 we wszystkich sprawach dotycz\u0105cych przetwarzania danych osobowych oraz korzystania z praw zwi\u0105zanych z przetwarzaniem danych pisemnie na adres siedziby administratora &#8211; Radomskie Towarzystwo Dobroczynno\u015bci. <\/p>\n\n\n\n<p><strong>III. \u0179R\u00d3D\u0141O POZYSKANIA DANYCH<\/strong><\/p>\n\n\n\n<p>Dane osobowe s\u0105 podawane przez Pacjenta bezpo\u015brednio w momencie zg\u0142oszenia: osobi\u015bcie lub telefonicznie.<\/p>\n\n\n\n<p>Dane osobowe otrzymywane s\u0105 tak\u017ce od innych plac\u00f3wek &#8211; w sytuacji kontynuacji leczenia rozpocz\u0119tego w innym miejscu. Dane osobowe mog\u0105 by\u0107 tak\u017ce uzyskiwane od Pa\u0144stwa os\u00f3b bliskich &#8211; w szczeg\u00f3lnych sytuacjach uzasadnionych stanem Pa\u0144stwa zdrowia. <\/p>\n\n\n\n<p><strong>IV. ZAKRES PRZETWARZANIA DANYCH OSOBOWYCH<\/strong><\/p>\n\n\n\n<p>Dane osobowe Pacjent\u00f3w przetwarzane s\u0105 w zakresie koniecznym do uzyskania przez nich \u015bwiadcze\u0144 z zakresu piel\u0119gniarstwa \u015brodowiskowego\/rodzinnego, \u015bwiadcze\u0144 z zakresu piel\u0119gniarskiej opieki d\u0142ugoterminowej oraz \u015bwiadczenia opieki paliatywnej i hospicyjnej w tym rejestracji Pacjent\u00f3w, umawiania wizyt\/kontaktu oraz w celu ich potwierdzenia\/odwo\u0142ania. Dane osobowe Pacjent\u00f3w s\u0105 wykorzystywane tak\u017ce w celu weryfikacji to\u017csamo\u015bci przed udzieleniem \u015bwiadczenia zdrowotnego. Dane Pacjent\u00f3w przetwarzane s\u0105 w celu komunikacji z Pacjentem lub osa jest jego prawnym opiekunem, na potrzeby przyznania Pacjentom prawa do korzystania z ww. \u015bwiadcze\u0144. Administrator danych , jako podmiot leczniczy jest zobowi\u0105zany do prowadzenia i przechowywania dokumentacji medycznej, kt\u00f3rej tre\u015b\u0107 i zakres okre\u015blaj\u0105 obowi\u0105zuj\u0105ce przepisy prawa. Dane zwarte w dokumentacji obejmuj\u0105 w szczeg\u00f3lno\u015bci informacje o stanie zdrowia Pacjenta.<\/p>\n\n\n\n<p><strong>V. CEL PRZETWARZANIA DANYCH<\/strong><\/p>\n\n\n\n<p>Dane osobowe Pacjent\u00f3w s\u0105 przetwarzane wy\u0142\u0105cznie w celach:<\/p>\n\n\n\n<ol class=\"wp-block-list\">\n<li>Udzielenia \u015bwiadcze\u0144 z zakresu piel\u0119gniarstwa \u015brodowiskowego\/rodzinnego. Piel\u0119gniarka \u015brodowiskowa\/rodzinna realizuje kompleksowo \u015bwiadczenia zdrowotne w \u015brodowisku podopiecznego z zakresu piel\u0119gnacji oraz zapewnia ci\u0105g\u0142o\u015b\u0107 \u015bwiadcze\u0144 profilaktycznych, piel\u0119gnacyjnych i leczniczych.<\/li>\n\n\n\n<li>Udzielenia \u015bwiadcze\u0144 w warunkach domowych d\u0142ugoterminowej opieki domowej dla doros\u0142ych oraz piel\u0119gniarskiej opieki d\u0142ugoterminowej domowej.<\/li>\n\n\n\n<li>Udzielenia \u015bwiadcze\u0144 opieki paliatywnej i hospicyjnej w zakresie ca\u0142o\u015bciowej opieki i leczenia objawowego \u015bwiadczeniobiorc\u00f3w choruj\u0105cych na nieuleczalne, niepoddaj\u0105ce si\u0119 leczeniu przyczynowemu, post\u0119puj\u0105ce, ograniczaj\u0105ce \u017cycie choroby. Opieka ta jest ukierunkowana na popraw\u0119 jako\u015bci \u017cycia, ma na celu zapobieganie b\u00f3lowi i innym objawom somatycznym oraz ich u\u015bmierzanie, \u0142agodzenie cierpie\u0144 psychicznych, duchowych i socjalnych.<\/li>\n<\/ol>\n\n\n\n<p>Dane osobowe Pacjent\u00f3w mog\u0105 by\u0107 r\u00f3wnie\u017c przetwarzane w celu:<\/p>\n\n\n\n<ol class=\"wp-block-list\">\n<li>Obrony praw i dochodzenia roszcze\u0144 przez Administratora danych w zwi\u0105zku z prowadzon\u0105 przez niego dzia\u0142alno\u015bci\u0105 &#8211; [podstawa prawna art. 6 ust. 1 lit. b oraz F RODO]<\/li>\n\n\n\n<li>Na potrzeby prowadzenia rozlicze\u0144 Radomskiego Towarzystwa Dobroczynno\u015bci &#8211; [ postawa prawna art. 6 ust. 1 lit. c RODO]<\/li>\n<\/ol>\n\n\n\n<p>Podstawa prawna do zbierania i przetwarzania danych stanowi obowi\u0105zek prawny wynikaj\u0105cy min. z:<\/p>\n\n\n\n<ol class=\"wp-block-list\">\n<li>Rozporz\u0105dzenia Ministra Zdrowia z 9 listopada 2015 r. w sprawie rodzaj\u00f3w, zakresu i wzor\u00f3w dokumentacji medycznej oraz sposobu jej przetwarzania.<\/li>\n\n\n\n<li>Rozporz\u0105dzenia Ministra Zdrowia z 12 czerwca 2018 r. zmieniaj\u0105cego rozporz\u0105dzenia w sprawie \u015bwiadcze\u0144 gwarantowanych z zakresu opieki paliatywnej i hospicyjnej.<\/li>\n\n\n\n<li>Obwieszczenia Ministra Zdrowia z dnia 22 wrze\u015bnia 2015 r. w sprawie og\u0142oszenia jednolitego tekstu rozporz\u0105dzenia Ministra Zdrowia w sprawie \u015bwiadcze\u0144 gwarantowanych z zakresu \u015bwiadcze\u0144 piel\u0119gnacyjnych i opieku\u0144czych w ramach opieki d\u0142ugoterminowej.<\/li>\n<\/ol>\n\n\n\n<p><strong>VI. OKRES PRZECHOWYWANIA DANYCH<\/strong><\/p>\n\n\n\n<p>Dane osobowe b\u0119d\u0105 przechowywane przez czas okre\u015blony przepisami prawa, a w szczeg\u00f3lno\u015bci przez okres czasu wynikaj\u0105cy z art. 29 Ustawy z dnia 6 listopada 2008 r.  &#8211; Oprawach Pacjenta i Rzeczniku Praw Pacjenta. Dokumentacja medyczna przechowywana jest przez okres co najmniej 20 lat licz\u0105c od ko\u0144ca roku kalendarzowego, w kt\u00f3rym dokonano ostatecznego wpisu. Po up\u0142ywie ustawowego czasu przechowywania dokumentacji medycznej b\u0119dzie ona niszczona w spos\u00f3b uniemo\u017cliwiaj\u0105cy identyfikacj\u0119 Pacjenta, kt\u00f3rego dotyczy\u0142a lub wydana Pacjentowi lub osobie przez niego upowa\u017cnionej. Dane s\u0142u\u017c\u0105ce do cel\u00f3w rozliczania \u015bwiadcze\u0144 zdrowotnych, a tak\u017ce dane s\u0142u\u017c\u0105ce do dochodzenia roszcze\u0144 b\u0119d\u0105 przetwarzane przez okres przedawnienia tych roszcze\u0144 zgodnie z przepisami kodeksu cywilnego.<\/p>\n\n\n\n<p><strong>VII. PODMIOTY, KT\u00d3RYM NIEPUBLICZNY ZAK\u0141AD OPIEKI ZDROWOTNEJ UDOST\u0118PNIA DANE<\/strong><\/p>\n\n\n\n<p>Dane osobowe mog\u0105 by\u0107 udost\u0119pnione podmiotom uprawnionym na podstawie przepis\u00f3w prawa, w szczeg\u00f3lno\u015bci zgodnie z art. 26 ustawy z dnia 6 listopada 2008 roku o prawach pacjenta i Rzeczniku Praw Pacjenta, w tym min. podmiotom udzielaj\u0105cym \u015bwiadcze\u0144 zdrowotnych do zapewnienia ci\u0105g\u0142o\u015bci \u015bwiadcze\u0144 zdrowotnych oraz organom w\u0142adzy publicznej, w tym Rzecznikowi Praw Pacjenta, Narodowemu Funduszowi Zdrowia, organom samorz\u0105du zawod\u00f3w medycznych oraz konsultantom krajowym i wojew\u00f3dzkim, w zakresie niezb\u0119dnym do wykonywania przez te podmioty ich zada\u0144, w szczeg\u00f3lno\u015bci nadzoru i kontroli. Dane osobowe mog\u0105 by\u0107 przekazywane tak\u017ce podmiotom przetwarzaj\u0105cym dane osobowe na zlecenie administratora, m. in. dostawcom us\u0142ug IT oraz podmiotom przetwarzaj\u0105cym nale\u017c\u0105cym do grupy podwykonawc\u00f3w- przy czym takie podmioty przetwarzaj\u0105 dane na podstawie umowy z administratorem i wy\u0142\u0105cznie zgodnie z poleceniami administratora. <\/p>\n\n\n\n<p><strong>VIII. PRAWA OSOBY, KT\u00d3REJ DANE DOTYCZ\u0104<\/strong><\/p>\n\n\n\n<p>Posiada Pan\/Pani prawo dost\u0119pu do tre\u015bci swoich danych oraz prawo ich sprostowania, ograniczenia przetwarzania, prawo do przenoszenia danych (o ile w danym przypadku przys\u0142uguje), prawo wniesienia sprzeciwu, prawo do cofni\u0119cia zgody w dowolnym momencie bez wp\u0142ywu na zgodno\u015b\u0107 z prawe przetwarzania (je\u017celi przetwarzanie odbywa si\u0119 na podstawie zgody), kt\u00f3rego dokonano na podstawie zgody przed jej cofni\u0119ciem.<\/p>\n\n\n\n<p><strong>XI. INFORMACJA O DOBROWOLNO\u015aCI PODANIA DANYCH<\/strong><\/p>\n\n\n\n<p>Podanie danych osobowych jest warunkiem niezb\u0119dnym do udzielenia \u015bwiadcze\u0144 zdrowotnych ze wzgl\u0119du na wymogi prawne na\u0142o\u017cone na administratora danych, w tym m.in. konieczno\u015b\u0107 prowadzenia dokumentacji medycznej, identyfikacji pacjenta. Odmowa podania danych mo\u017ce by\u0107 podstaw\u0105 do odmowy udzielenia \u015bwiadczenia zdrowotnego.<\/p>\n\n\n\n<p><strong>X. INFORMACJA DODATKOWA<\/strong><\/p>\n\n\n\n<p>Je\u017celi przepisy prawa b\u0119d\u0105 wymaga\u0142y wcze\u015bniejszego usuni\u0119cia Pa\u0144stwa danych osobowych lub d\u0142u\u017cszego ich przechowywania Administrator zastosuje si\u0119 do takiego obowi\u0105zku prawnego.<\/p>\n\n\n\n<p>Jednocze\u015bnie informujemy, i\u017c przys\u0142uguje Pa\u0144stwu prawo do wniesienia skargi do organu nadzorczego.<\/p>\n","protected":false},"excerpt":{"rendered":"<p>Klauzula informacyjna Dotycz\u0105ca Przetwarzania danych osobowych w Radomskim Towarzystwie Dobroczynno\u015bci. US\u0141UGI MEDYCZNE &#8211; NZOZ Zgodnie z art. 13 ust 1 i ust 2 rozporz\u0105dzenia Parlamentu Europejskiego i Rady (UE) 2016\/678 z dnia 27 kwietnia 2016 r. w sprawie ochrony os\u00f3b fizycznych w zwi\u0105zku z przetwarzaniem danych osobowych i w sprawie swobodnego przep\u0142ywu takich danych oraz [&hellip;]<\/p>\n","protected":false},"author":1,"featured_media":175,"parent":0,"menu_order":0,"comment_status":"closed","ping_status":"closed","template":"","meta":{"footnotes":""},"class_list":["post-177","page","type-page","status-publish","has-post-thumbnail","hentry"],"yoast_head":"<!-- This site is optimized with the Yoast SEO plugin v26.7 - https:\/\/yoast.com\/wordpress\/plugins\/seo\/ -->\n<title>RODO-NZOZ - Radomskie Towarzystwo Dobroczynno\u015bci<\/title>\n<meta name=\"description\" content=\"Opis przetwarzania danych w zakresie us\u0142ug medycznych \u015bwiadcznonych przez NZOZ\" \/>\n<meta name=\"robots\" content=\"index, follow, max-snippet:-1, max-image-preview:large, max-video-preview:-1\" \/>\n<link rel=\"canonical\" href=\"https:\/\/rtd.radom.pl\/?page_id=177\" \/>\n<meta property=\"og:locale\" content=\"pl_PL\" \/>\n<meta property=\"og:type\" content=\"article\" \/>\n<meta property=\"og:title\" content=\"RODO-NZOZ - Radomskie Towarzystwo Dobroczynno\u015bci\" \/>\n<meta property=\"og:description\" content=\"Opis przetwarzania danych w zakresie us\u0142ug medycznych \u015bwiadcznonych przez NZOZ\" \/>\n<meta property=\"og:url\" content=\"https:\/\/rtd.radom.pl\/?page_id=177\" \/>\n<meta property=\"og:site_name\" content=\"Radomskie Towarzystwo Dobroczynno\u015bci\" \/>\n<meta property=\"article:modified_time\" content=\"2026-01-20T23:06:04+00:00\" \/>\n<meta property=\"og:image\" content=\"https:\/\/rtd.radom.pl\/wp-content\/uploads\/2026\/01\/dokumenty.jpg\" \/>\n\t<meta property=\"og:image:width\" content=\"1600\" \/>\n\t<meta property=\"og:image:height\" content=\"896\" \/>\n\t<meta property=\"og:image:type\" content=\"image\/jpeg\" \/>\n<meta name=\"twitter:card\" content=\"summary_large_image\" \/>\n<meta name=\"twitter:label1\" content=\"Szacowany czas czytania\" \/>\n\t<meta name=\"twitter:data1\" content=\"6 minut\" \/>\n<script type=\"application\/ld+json\" class=\"yoast-schema-graph\">{\"@context\":\"https:\/\/schema.org\",\"@graph\":[{\"@type\":\"WebPage\",\"@id\":\"https:\/\/rtd.radom.pl\/?page_id=177\",\"url\":\"https:\/\/rtd.radom.pl\/?page_id=177\",\"name\":\"RODO-NZOZ - Radomskie Towarzystwo Dobroczynno\u015bci\",\"isPartOf\":{\"@id\":\"https:\/\/rtd.radom.pl\/#website\"},\"primaryImageOfPage\":{\"@id\":\"https:\/\/rtd.radom.pl\/?page_id=177#primaryimage\"},\"image\":{\"@id\":\"https:\/\/rtd.radom.pl\/?page_id=177#primaryimage\"},\"thumbnailUrl\":\"https:\/\/rtd.radom.pl\/wp-content\/uploads\/2026\/01\/dokumenty.jpg\",\"datePublished\":\"2026-01-19T01:22:13+00:00\",\"dateModified\":\"2026-01-20T23:06:04+00:00\",\"description\":\"Opis przetwarzania danych w zakresie us\u0142ug medycznych \u015bwiadcznonych przez NZOZ\",\"breadcrumb\":{\"@id\":\"https:\/\/rtd.radom.pl\/?page_id=177#breadcrumb\"},\"inLanguage\":\"pl-PL\",\"potentialAction\":[{\"@type\":\"ReadAction\",\"target\":[\"https:\/\/rtd.radom.pl\/?page_id=177\"]}]},{\"@type\":\"ImageObject\",\"inLanguage\":\"pl-PL\",\"@id\":\"https:\/\/rtd.radom.pl\/?page_id=177#primaryimage\",\"url\":\"https:\/\/rtd.radom.pl\/wp-content\/uploads\/2026\/01\/dokumenty.jpg\",\"contentUrl\":\"https:\/\/rtd.radom.pl\/wp-content\/uploads\/2026\/01\/dokumenty.jpg\",\"width\":1600,\"height\":896},{\"@type\":\"BreadcrumbList\",\"@id\":\"https:\/\/rtd.radom.pl\/?page_id=177#breadcrumb\",\"itemListElement\":[{\"@type\":\"ListItem\",\"position\":1,\"name\":\"Home\",\"item\":\"https:\/\/rtd.radom.pl\/\"},{\"@type\":\"ListItem\",\"position\":2,\"name\":\"RODO-NZOZ\"}]},{\"@type\":\"WebSite\",\"@id\":\"https:\/\/rtd.radom.pl\/#website\",\"url\":\"https:\/\/rtd.radom.pl\/\",\"name\":\"Radomskie Towarzystwo Dobroczynno\u015bci\",\"description\":\"Jeste\u015bmy Organizacj\u0105 Po\u017cytku Publicznego\",\"publisher\":{\"@id\":\"https:\/\/rtd.radom.pl\/#organization\"},\"potentialAction\":[{\"@type\":\"SearchAction\",\"target\":{\"@type\":\"EntryPoint\",\"urlTemplate\":\"https:\/\/rtd.radom.pl\/?s={search_term_string}\"},\"query-input\":{\"@type\":\"PropertyValueSpecification\",\"valueRequired\":true,\"valueName\":\"search_term_string\"}}],\"inLanguage\":\"pl-PL\"},{\"@type\":\"Organization\",\"@id\":\"https:\/\/rtd.radom.pl\/#organization\",\"name\":\"Radomskie Towarzystwo Dobroczynno\u015bci\",\"url\":\"https:\/\/rtd.radom.pl\/\",\"logo\":{\"@type\":\"ImageObject\",\"inLanguage\":\"pl-PL\",\"@id\":\"https:\/\/rtd.radom.pl\/#\/schema\/logo\/image\/\",\"url\":\"https:\/\/rtd.radom.pl\/wp-content\/uploads\/2026\/01\/rtd_logo_tr.png\",\"contentUrl\":\"https:\/\/rtd.radom.pl\/wp-content\/uploads\/2026\/01\/rtd_logo_tr.png\",\"width\":545,\"height\":512,\"caption\":\"Radomskie Towarzystwo Dobroczynno\u015bci\"},\"image\":{\"@id\":\"https:\/\/rtd.radom.pl\/#\/schema\/logo\/image\/\"}}]}<\/script>\n<!-- \/ Yoast SEO plugin. -->","yoast_head_json":{"title":"RODO-NZOZ - Radomskie Towarzystwo Dobroczynno\u015bci","description":"Opis przetwarzania danych w zakresie us\u0142ug medycznych \u015bwiadcznonych przez NZOZ","robots":{"index":"index","follow":"follow","max-snippet":"max-snippet:-1","max-image-preview":"max-image-preview:large","max-video-preview":"max-video-preview:-1"},"canonical":"https:\/\/rtd.radom.pl\/?page_id=177","og_locale":"pl_PL","og_type":"article","og_title":"RODO-NZOZ - Radomskie Towarzystwo Dobroczynno\u015bci","og_description":"Opis przetwarzania danych w zakresie us\u0142ug medycznych \u015bwiadcznonych przez NZOZ","og_url":"https:\/\/rtd.radom.pl\/?page_id=177","og_site_name":"Radomskie Towarzystwo Dobroczynno\u015bci","article_modified_time":"2026-01-20T23:06:04+00:00","og_image":[{"width":1600,"height":896,"url":"https:\/\/rtd.radom.pl\/wp-content\/uploads\/2026\/01\/dokumenty.jpg","type":"image\/jpeg"}],"twitter_card":"summary_large_image","twitter_misc":{"Szacowany czas czytania":"6 minut"},"schema":{"@context":"https:\/\/schema.org","@graph":[{"@type":"WebPage","@id":"https:\/\/rtd.radom.pl\/?page_id=177","url":"https:\/\/rtd.radom.pl\/?page_id=177","name":"RODO-NZOZ - Radomskie Towarzystwo Dobroczynno\u015bci","isPartOf":{"@id":"https:\/\/rtd.radom.pl\/#website"},"primaryImageOfPage":{"@id":"https:\/\/rtd.radom.pl\/?page_id=177#primaryimage"},"image":{"@id":"https:\/\/rtd.radom.pl\/?page_id=177#primaryimage"},"thumbnailUrl":"https:\/\/rtd.radom.pl\/wp-content\/uploads\/2026\/01\/dokumenty.jpg","datePublished":"2026-01-19T01:22:13+00:00","dateModified":"2026-01-20T23:06:04+00:00","description":"Opis przetwarzania danych w zakresie us\u0142ug medycznych \u015bwiadcznonych przez NZOZ","breadcrumb":{"@id":"https:\/\/rtd.radom.pl\/?page_id=177#breadcrumb"},"inLanguage":"pl-PL","potentialAction":[{"@type":"ReadAction","target":["https:\/\/rtd.radom.pl\/?page_id=177"]}]},{"@type":"ImageObject","inLanguage":"pl-PL","@id":"https:\/\/rtd.radom.pl\/?page_id=177#primaryimage","url":"https:\/\/rtd.radom.pl\/wp-content\/uploads\/2026\/01\/dokumenty.jpg","contentUrl":"https:\/\/rtd.radom.pl\/wp-content\/uploads\/2026\/01\/dokumenty.jpg","width":1600,"height":896},{"@type":"BreadcrumbList","@id":"https:\/\/rtd.radom.pl\/?page_id=177#breadcrumb","itemListElement":[{"@type":"ListItem","position":1,"name":"Home","item":"https:\/\/rtd.radom.pl\/"},{"@type":"ListItem","position":2,"name":"RODO-NZOZ"}]},{"@type":"WebSite","@id":"https:\/\/rtd.radom.pl\/#website","url":"https:\/\/rtd.radom.pl\/","name":"Radomskie Towarzystwo Dobroczynno\u015bci","description":"Jeste\u015bmy Organizacj\u0105 Po\u017cytku Publicznego","publisher":{"@id":"https:\/\/rtd.radom.pl\/#organization"},"potentialAction":[{"@type":"SearchAction","target":{"@type":"EntryPoint","urlTemplate":"https:\/\/rtd.radom.pl\/?s={search_term_string}"},"query-input":{"@type":"PropertyValueSpecification","valueRequired":true,"valueName":"search_term_string"}}],"inLanguage":"pl-PL"},{"@type":"Organization","@id":"https:\/\/rtd.radom.pl\/#organization","name":"Radomskie Towarzystwo Dobroczynno\u015bci","url":"https:\/\/rtd.radom.pl\/","logo":{"@type":"ImageObject","inLanguage":"pl-PL","@id":"https:\/\/rtd.radom.pl\/#\/schema\/logo\/image\/","url":"https:\/\/rtd.radom.pl\/wp-content\/uploads\/2026\/01\/rtd_logo_tr.png","contentUrl":"https:\/\/rtd.radom.pl\/wp-content\/uploads\/2026\/01\/rtd_logo_tr.png","width":545,"height":512,"caption":"Radomskie Towarzystwo Dobroczynno\u015bci"},"image":{"@id":"https:\/\/rtd.radom.pl\/#\/schema\/logo\/image\/"}}]}},"_links":{"self":[{"href":"https:\/\/rtd.radom.pl\/index.php?rest_route=\/wp\/v2\/pages\/177","targetHints":{"allow":["GET"]}}],"collection":[{"href":"https:\/\/rtd.radom.pl\/index.php?rest_route=\/wp\/v2\/pages"}],"about":[{"href":"https:\/\/rtd.radom.pl\/index.php?rest_route=\/wp\/v2\/types\/page"}],"author":[{"embeddable":true,"href":"https:\/\/rtd.radom.pl\/index.php?rest_route=\/wp\/v2\/users\/1"}],"replies":[{"embeddable":true,"href":"https:\/\/rtd.radom.pl\/index.php?rest_route=%2Fwp%2Fv2%2Fcomments&post=177"}],"version-history":[{"count":6,"href":"https:\/\/rtd.radom.pl\/index.php?rest_route=\/wp\/v2\/pages\/177\/revisions"}],"predecessor-version":[{"id":195,"href":"https:\/\/rtd.radom.pl\/index.php?rest_route=\/wp\/v2\/pages\/177\/revisions\/195"}],"wp:featuredmedia":[{"embeddable":true,"href":"https:\/\/rtd.radom.pl\/index.php?rest_route=\/wp\/v2\/media\/175"}],"wp:attachment":[{"href":"https:\/\/rtd.radom.pl\/index.php?rest_route=%2Fwp%2Fv2%2Fmedia&parent=177"}],"curies":[{"name":"wp","href":"https:\/\/api.w.org\/{rel}","templated":true}]}}