{"id":17,"date":"2026-01-18T19:39:16","date_gmt":"2026-01-18T18:39:16","guid":{"rendered":"http:\/\/rtd.radom.pl\/?page_id=17"},"modified":"2026-01-21T15:32:34","modified_gmt":"2026-01-21T14:32:34","slug":"kontakt","status":"publish","type":"page","link":"https:\/\/rtd.radom.pl\/?page_id=17","title":{"rendered":"KONTAKT"},"content":{"rendered":"\n<p>ODS\u0141UCHAJ<\/p>\n\n\n\n<figure class=\"wp-block-audio\"><audio controls src=\"https:\/\/rtd.radom.pl\/wp-content\/uploads\/2026\/01\/kontakt.mp3\"><\/audio><\/figure>\n\n\n\n<p><strong>RADOMSKIE TOWARZYSTWO DOBROCZYNNO\u015aCI<\/strong><br>26-600 RADOM, ul. Czachowskiego 42<br>tel.\/fax (048) 384 78 76 lub +48 515 176 236<br>NIP: 948-20-86-038<br>Organizacja Po\u017cytku Publicznego &#8211; KRS: 0000022836<\/p>\n\n\n\n<hr class=\"wp-block-separator has-alpha-channel-opacity\"\/>\n\n\n\n<p>NASZE KONTO:<br>PEKAO SA I O\/Radom 29 1240 1789 1111 0000 0776 9021<\/p>\n\n\n\n<hr class=\"wp-block-separator has-alpha-channel-opacity\"\/>\n\n\n\n<p>ADRESY E-MAIL:<br><a href=\"mailto:biuro@rtd.radom.pl\">biuro@rtd.radom.pl<\/a> &#8211; nasze biuro,<br><a href=\"mailto:nzoz@rtd.radom.pl\">nzoz@rtd.radom.pl<\/a> &#8211; NZOZ,<\/p>\n\n\n\n<hr class=\"wp-block-separator has-alpha-channel-opacity\"\/>\n\n\n\n<p>Dojazd do siedziby komunikacj\u0105 miejsk\u0105 &#8211; linie 1, 5, 10, 17, 24 (przystanek \u017beromskiego\/Czachowskiego )<\/p>\n\n\n\n<hr class=\"wp-block-separator has-alpha-channel-opacity\"\/>\n\n\n\n<p>Mapka lokalizacyjna<\/p>\n\n\n\n<p><\/p>\n\n\n\n<iframe src=\"https:\/\/www.google.com\/maps\/embed?pb=!1m14!1m8!1m3!1d370.0264882275937!2d21.167096032724224!3d51.39879944779037!3m2!1i1024!2i768!4f13.1!3m3!1m2!1s0x47185ec50c8246cd%3A0x41a87b11a2626b07!2sRadomskie%20Towarzystwo%20Dobroczynno%C5%9Bci!5e0!3m2!1spl!2spl!4v1768992499951!5m2!1spl!2spl\" style=\"display: block; margin: 0 auto; width: auto; height: 400px;\"><\/iframe>\n\n\n\n<p><\/p>\n","protected":false},"excerpt":{"rendered":"<p>ODS\u0141UCHAJ RADOMSKIE TOWARZYSTWO DOBROCZYNNO\u015aCI26-600 RADOM, ul. Czachowskiego 42tel.\/fax (048) 384 78 76 lub +48 515 176 236NIP: 948-20-86-038Organizacja Po\u017cytku Publicznego &#8211; KRS: 0000022836 NASZE KONTO:PEKAO SA I O\/Radom 29 1240 1789 1111 0000 0776 9021 ADRESY E-MAIL:biuro@rtd.radom.pl &#8211; nasze biuro,nzoz@rtd.radom.pl &#8211; NZOZ, Dojazd do siedziby komunikacj\u0105 miejsk\u0105 &#8211; linie 1, 5, 10, 17, 24 (przystanek [&hellip;]<\/p>\n","protected":false},"author":1,"featured_media":138,"parent":0,"menu_order":0,"comment_status":"closed","ping_status":"closed","template":"","meta":{"footnotes":""},"class_list":["post-17","page","type-page","status-publish","has-post-thumbnail","hentry"],"yoast_head":"<!-- This site is optimized with the Yoast SEO plugin v26.7 - https:\/\/yoast.com\/wordpress\/plugins\/seo\/ -->\n<title>KONTAKT - Radomskie Towarzystwo Dobroczynno\u015bci<\/title>\n<meta name=\"description\" content=\"Dane kontaktowe do Stowarzyszenia. Napisz, zadzwo\u0144, odwied\u017a nas.\" \/>\n<meta name=\"robots\" content=\"index, follow, max-snippet:-1, max-image-preview:large, max-video-preview:-1\" \/>\n<link rel=\"canonical\" href=\"https:\/\/rtd.radom.pl\/?page_id=17\" \/>\n<meta property=\"og:locale\" content=\"pl_PL\" \/>\n<meta property=\"og:type\" content=\"article\" \/>\n<meta property=\"og:title\" content=\"KONTAKT - Radomskie Towarzystwo Dobroczynno\u015bci\" \/>\n<meta property=\"og:description\" content=\"Dane kontaktowe do Stowarzyszenia. Napisz, zadzwo\u0144, odwied\u017a nas.\" \/>\n<meta property=\"og:url\" content=\"https:\/\/rtd.radom.pl\/?page_id=17\" \/>\n<meta property=\"og:site_name\" content=\"Radomskie Towarzystwo Dobroczynno\u015bci\" \/>\n<meta property=\"article:modified_time\" content=\"2026-01-21T14:32:34+00:00\" \/>\n<meta property=\"og:image\" content=\"https:\/\/rtd.radom.pl\/wp-content\/uploads\/2026\/01\/kontakt_2.jpg\" \/>\n\t<meta property=\"og:image:width\" content=\"1600\" \/>\n\t<meta property=\"og:image:height\" content=\"896\" \/>\n\t<meta property=\"og:image:type\" content=\"image\/jpeg\" \/>\n<meta name=\"twitter:card\" content=\"summary_large_image\" \/>\n<meta name=\"twitter:label1\" content=\"Szacowany czas czytania\" \/>\n\t<meta name=\"twitter:data1\" content=\"1 minuta\" \/>\n<script type=\"application\/ld+json\" class=\"yoast-schema-graph\">{\"@context\":\"https:\/\/schema.org\",\"@graph\":[{\"@type\":\"WebPage\",\"@id\":\"https:\/\/rtd.radom.pl\/?page_id=17\",\"url\":\"https:\/\/rtd.radom.pl\/?page_id=17\",\"name\":\"KONTAKT - Radomskie Towarzystwo Dobroczynno\u015bci\",\"isPartOf\":{\"@id\":\"https:\/\/rtd.radom.pl\/#website\"},\"primaryImageOfPage\":{\"@id\":\"https:\/\/rtd.radom.pl\/?page_id=17#primaryimage\"},\"image\":{\"@id\":\"https:\/\/rtd.radom.pl\/?page_id=17#primaryimage\"},\"thumbnailUrl\":\"https:\/\/rtd.radom.pl\/wp-content\/uploads\/2026\/01\/kontakt_2.jpg\",\"datePublished\":\"2026-01-18T18:39:16+00:00\",\"dateModified\":\"2026-01-21T14:32:34+00:00\",\"description\":\"Dane kontaktowe do Stowarzyszenia. Napisz, zadzwo\u0144, odwied\u017a nas.\",\"breadcrumb\":{\"@id\":\"https:\/\/rtd.radom.pl\/?page_id=17#breadcrumb\"},\"inLanguage\":\"pl-PL\",\"potentialAction\":[{\"@type\":\"ReadAction\",\"target\":[\"https:\/\/rtd.radom.pl\/?page_id=17\"]}]},{\"@type\":\"ImageObject\",\"inLanguage\":\"pl-PL\",\"@id\":\"https:\/\/rtd.radom.pl\/?page_id=17#primaryimage\",\"url\":\"https:\/\/rtd.radom.pl\/wp-content\/uploads\/2026\/01\/kontakt_2.jpg\",\"contentUrl\":\"https:\/\/rtd.radom.pl\/wp-content\/uploads\/2026\/01\/kontakt_2.jpg\",\"width\":1600,\"height\":896},{\"@type\":\"BreadcrumbList\",\"@id\":\"https:\/\/rtd.radom.pl\/?page_id=17#breadcrumb\",\"itemListElement\":[{\"@type\":\"ListItem\",\"position\":1,\"name\":\"Home\",\"item\":\"https:\/\/rtd.radom.pl\/\"},{\"@type\":\"ListItem\",\"position\":2,\"name\":\"KONTAKT\"}]},{\"@type\":\"WebSite\",\"@id\":\"https:\/\/rtd.radom.pl\/#website\",\"url\":\"https:\/\/rtd.radom.pl\/\",\"name\":\"Radomskie Towarzystwo Dobroczynno\u015bci\",\"description\":\"Jeste\u015bmy Organizacj\u0105 Po\u017cytku Publicznego\",\"publisher\":{\"@id\":\"https:\/\/rtd.radom.pl\/#organization\"},\"potentialAction\":[{\"@type\":\"SearchAction\",\"target\":{\"@type\":\"EntryPoint\",\"urlTemplate\":\"https:\/\/rtd.radom.pl\/?s={search_term_string}\"},\"query-input\":{\"@type\":\"PropertyValueSpecification\",\"valueRequired\":true,\"valueName\":\"search_term_string\"}}],\"inLanguage\":\"pl-PL\"},{\"@type\":\"Organization\",\"@id\":\"https:\/\/rtd.radom.pl\/#organization\",\"name\":\"Radomskie Towarzystwo Dobroczynno\u015bci\",\"url\":\"https:\/\/rtd.radom.pl\/\",\"logo\":{\"@type\":\"ImageObject\",\"inLanguage\":\"pl-PL\",\"@id\":\"https:\/\/rtd.radom.pl\/#\/schema\/logo\/image\/\",\"url\":\"https:\/\/rtd.radom.pl\/wp-content\/uploads\/2026\/01\/rtd_logo_tr.png\",\"contentUrl\":\"https:\/\/rtd.radom.pl\/wp-content\/uploads\/2026\/01\/rtd_logo_tr.png\",\"width\":545,\"height\":512,\"caption\":\"Radomskie Towarzystwo Dobroczynno\u015bci\"},\"image\":{\"@id\":\"https:\/\/rtd.radom.pl\/#\/schema\/logo\/image\/\"}}]}<\/script>\n<!-- \/ Yoast SEO plugin. -->","yoast_head_json":{"title":"KONTAKT - Radomskie Towarzystwo Dobroczynno\u015bci","description":"Dane kontaktowe do Stowarzyszenia. Napisz, zadzwo\u0144, odwied\u017a nas.","robots":{"index":"index","follow":"follow","max-snippet":"max-snippet:-1","max-image-preview":"max-image-preview:large","max-video-preview":"max-video-preview:-1"},"canonical":"https:\/\/rtd.radom.pl\/?page_id=17","og_locale":"pl_PL","og_type":"article","og_title":"KONTAKT - Radomskie Towarzystwo Dobroczynno\u015bci","og_description":"Dane kontaktowe do Stowarzyszenia. Napisz, zadzwo\u0144, odwied\u017a nas.","og_url":"https:\/\/rtd.radom.pl\/?page_id=17","og_site_name":"Radomskie Towarzystwo Dobroczynno\u015bci","article_modified_time":"2026-01-21T14:32:34+00:00","og_image":[{"width":1600,"height":896,"url":"https:\/\/rtd.radom.pl\/wp-content\/uploads\/2026\/01\/kontakt_2.jpg","type":"image\/jpeg"}],"twitter_card":"summary_large_image","twitter_misc":{"Szacowany czas czytania":"1 minuta"},"schema":{"@context":"https:\/\/schema.org","@graph":[{"@type":"WebPage","@id":"https:\/\/rtd.radom.pl\/?page_id=17","url":"https:\/\/rtd.radom.pl\/?page_id=17","name":"KONTAKT - Radomskie Towarzystwo Dobroczynno\u015bci","isPartOf":{"@id":"https:\/\/rtd.radom.pl\/#website"},"primaryImageOfPage":{"@id":"https:\/\/rtd.radom.pl\/?page_id=17#primaryimage"},"image":{"@id":"https:\/\/rtd.radom.pl\/?page_id=17#primaryimage"},"thumbnailUrl":"https:\/\/rtd.radom.pl\/wp-content\/uploads\/2026\/01\/kontakt_2.jpg","datePublished":"2026-01-18T18:39:16+00:00","dateModified":"2026-01-21T14:32:34+00:00","description":"Dane kontaktowe do Stowarzyszenia. Napisz, zadzwo\u0144, odwied\u017a nas.","breadcrumb":{"@id":"https:\/\/rtd.radom.pl\/?page_id=17#breadcrumb"},"inLanguage":"pl-PL","potentialAction":[{"@type":"ReadAction","target":["https:\/\/rtd.radom.pl\/?page_id=17"]}]},{"@type":"ImageObject","inLanguage":"pl-PL","@id":"https:\/\/rtd.radom.pl\/?page_id=17#primaryimage","url":"https:\/\/rtd.radom.pl\/wp-content\/uploads\/2026\/01\/kontakt_2.jpg","contentUrl":"https:\/\/rtd.radom.pl\/wp-content\/uploads\/2026\/01\/kontakt_2.jpg","width":1600,"height":896},{"@type":"BreadcrumbList","@id":"https:\/\/rtd.radom.pl\/?page_id=17#breadcrumb","itemListElement":[{"@type":"ListItem","position":1,"name":"Home","item":"https:\/\/rtd.radom.pl\/"},{"@type":"ListItem","position":2,"name":"KONTAKT"}]},{"@type":"WebSite","@id":"https:\/\/rtd.radom.pl\/#website","url":"https:\/\/rtd.radom.pl\/","name":"Radomskie Towarzystwo Dobroczynno\u015bci","description":"Jeste\u015bmy Organizacj\u0105 Po\u017cytku Publicznego","publisher":{"@id":"https:\/\/rtd.radom.pl\/#organization"},"potentialAction":[{"@type":"SearchAction","target":{"@type":"EntryPoint","urlTemplate":"https:\/\/rtd.radom.pl\/?s={search_term_string}"},"query-input":{"@type":"PropertyValueSpecification","valueRequired":true,"valueName":"search_term_string"}}],"inLanguage":"pl-PL"},{"@type":"Organization","@id":"https:\/\/rtd.radom.pl\/#organization","name":"Radomskie Towarzystwo Dobroczynno\u015bci","url":"https:\/\/rtd.radom.pl\/","logo":{"@type":"ImageObject","inLanguage":"pl-PL","@id":"https:\/\/rtd.radom.pl\/#\/schema\/logo\/image\/","url":"https:\/\/rtd.radom.pl\/wp-content\/uploads\/2026\/01\/rtd_logo_tr.png","contentUrl":"https:\/\/rtd.radom.pl\/wp-content\/uploads\/2026\/01\/rtd_logo_tr.png","width":545,"height":512,"caption":"Radomskie Towarzystwo Dobroczynno\u015bci"},"image":{"@id":"https:\/\/rtd.radom.pl\/#\/schema\/logo\/image\/"}}]}},"_links":{"self":[{"href":"https:\/\/rtd.radom.pl\/index.php?rest_route=\/wp\/v2\/pages\/17","targetHints":{"allow":["GET"]}}],"collection":[{"href":"https:\/\/rtd.radom.pl\/index.php?rest_route=\/wp\/v2\/pages"}],"about":[{"href":"https:\/\/rtd.radom.pl\/index.php?rest_route=\/wp\/v2\/types\/page"}],"author":[{"embeddable":true,"href":"https:\/\/rtd.radom.pl\/index.php?rest_route=\/wp\/v2\/users\/1"}],"replies":[{"embeddable":true,"href":"https:\/\/rtd.radom.pl\/index.php?rest_route=%2Fwp%2Fv2%2Fcomments&post=17"}],"version-history":[{"count":17,"href":"https:\/\/rtd.radom.pl\/index.php?rest_route=\/wp\/v2\/pages\/17\/revisions"}],"predecessor-version":[{"id":266,"href":"https:\/\/rtd.radom.pl\/index.php?rest_route=\/wp\/v2\/pages\/17\/revisions\/266"}],"wp:featuredmedia":[{"embeddable":true,"href":"https:\/\/rtd.radom.pl\/index.php?rest_route=\/wp\/v2\/media\/138"}],"wp:attachment":[{"href":"https:\/\/rtd.radom.pl\/index.php?rest_route=%2Fwp%2Fv2%2Fmedia&parent=17"}],"curies":[{"name":"wp","href":"https:\/\/api.w.org\/{rel}","templated":true}]}}